{"id":13015,"date":"2023-05-16T17:38:22","date_gmt":"2023-05-16T15:38:22","guid":{"rendered":"https:\/\/www.aestarragona.org\/aviso-legal-y-privacidad\/"},"modified":"2024-06-17T13:33:57","modified_gmt":"2024-06-17T11:33:57","slug":"aviso-legal-y-privacidad","status":"publish","type":"page","link":"https:\/\/www.aestarragona.org\/ca\/aviso-legal-y-privacidad\/","title":{"rendered":"Aviso legal y privacidad"},"content":{"rendered":"\t\t<div data-elementor-type=\"wp-page\" data-elementor-id=\"13015\" class=\"elementor elementor-13015 elementor-10679\">\n\t\t\t\t\t\t<section class=\"elementor-section elementor-top-section elementor-element elementor-element-61bca2b elementor-section-full_width elementor-section-height-default elementor-section-height-default qodef-elementor-content-no\" data-id=\"61bca2b\" data-element_type=\"section\" data-e-type=\"section\">\n\t\t\t\t\t\t<div class=\"elementor-container elementor-column-gap-default\">\n\t\t\t\t\t<div class=\"elementor-column elementor-col-66 elementor-top-column elementor-element elementor-element-1830a43\" data-id=\"1830a43\" data-element_type=\"column\" data-e-type=\"column\">\n\t\t\t<div class=\"elementor-widget-wrap elementor-element-populated\">\n\t\t\t\t\t\t<div class=\"elementor-element elementor-element-c528317 elementor-widget elementor-widget-heading\" data-id=\"c528317\" data-element_type=\"widget\" data-e-type=\"widget\" data-widget_type=\"heading.default\">\n\t\t\t\t<div class=\"elementor-widget-container\">\n\t\t\t\t\t<h2 class=\"elementor-heading-title elementor-size-default\">Aviso legal y privacidad<\/h2>\t\t\t\t<\/div>\n\t\t\t\t<\/div>\n\t\t\t\t<div class=\"elementor-element elementor-element-8b1e44a elementor-widget elementor-widget-text-editor\" data-id=\"8b1e44a\" data-element_type=\"widget\" data-e-type=\"widget\" data-widget_type=\"text-editor.default\">\n\t\t\t\t<div class=\"elementor-widget-container\">\n\t\t\t\t\t\t\t\t\t<p><strong>INFORMACI\u00d3N LEGAL LSSIYCE<\/strong><\/p><p>De acuerdo con las obligaciones previstas en la Ley 34\/2002 de Servicios de la Sociedad de la Informaci\u00f3n y del Comercio Electr\u00f3nico (en adelante LSSIYCE), la ASSOCIACI\u00d3 D&#8217;EMPRESES SERVEIS DE TARRAGONA con domicilio en Avinguda Pau Casals 17, 43003 Tarragona (TARRAGONA) con CIF G43870658 y correo electr\u00f3nico <a href=\"mailto:info@aestarragona.org\">info@aestarragona.org<\/a><\/p><p>&#8211; el dominio web: \u00a0<a href=\"https:\/\/www.aestarragona.org\/\">https:\/\/www.aestarragona.org\/<\/a><\/p><p>-los perfiles y redes sociales:<\/p><ol><li>Facebook: <a href=\"https:\/\/www.facebook.com\/aestarragona\/\">https:\/\/www.facebook.com\/aestarragona\/<\/a><\/li><li>Twitter: <a href=\"https:\/\/twitter.com\/AESTarragona\">https:\/\/twitter.com\/AESTarragona<\/a><\/li><\/ol><p>La ASSOCIACI\u00d3 D\u2019EMPRESES SERVEIS DE TARRAGONA no puede asumir ninguna responsabilidad derivada del uso incorrecto o il\u00edcito de la informaci\u00f3n que aparezca en sus p\u00e1ginas web o presencia online en las diversas redes sociales. Con los l\u00edmites establecido en la ley, la ASSOCIACI\u00d3 D\u2019EMPRESES SERVEIS DE TARRAGONA no asume ninguna responsabilidad por la falta de veracidad, integridad, actualizaci\u00f3n y precisi\u00f3n de los datos o informaciones que se contienen en sus p\u00e1ginas de Internet.<\/p><p>Los contenidos e informaci\u00f3n de las p\u00e1ginas de Internet y redes sociales de la ASSOCIACI\u00d3 D\u2019EMPRESES SERVEIS DE TARRAGONA elaborados por profesionales debidamente cualificados para el ejercicio de su profesi\u00f3n. Sin embargo, los contenidos e informaci\u00f3n no vinculan a la susodicha, ni constituyen opiniones, consejos o asesoramiento legal de ning\u00fan tipo, pues se trata meramente de un servicio ofrecido con car\u00e1cter informativo y divulgativo.<\/p><p>Las p\u00e1ginas de Internet y redes sociales de la ASSOCIACI\u00d3 D\u2019EMPRESES SERVEIS DE TARRAGONA pueden contener enlaces (links) a otras p\u00e1ginas de terceras. Por lo tanto, \u00e9sta no puede asumir responsabilidades por el contenido que pueda aparecer en p\u00e1ginas de terceros. Los textos, im\u00e1genes, sonidos, animaciones, software y el resto de contenidos incluidos en este website son propiedad exclusiva de la ASSOCIACI\u00d3 D\u2019EMPRESES SERVEIS DE TARRAGONA o sus licenciantes. Cualquier acto de transmisi\u00f3n, distribuci\u00f3n, cesi\u00f3n, reproducci\u00f3n, almacenamiento o comunicaci\u00f3n p\u00fablica total o parcial, debe contar con el consentimiento expreso de la ASSOCIACI\u00d3 D\u2019EMPRESES SERVEIS DE TARRAGONA.<\/p><p>De la misma manera, se reserva el derecho a retirar el acceso al portal sin necesidad de previo aviso a cualquier usuario que contravenga lo dispuesto en el presente aviso legal.<\/p><p>\u00a0<\/p><p><strong>REDES SOCIALES<\/strong>\u00a0<\/p><p>El usuario deber\u00e1 disponer de su perfil en las redes sociales para poder interactuar con la ASSOCIACI\u00d3 D\u2019EMPRESES SERVEIS DE TARRAGONA y que acepte la relaci\u00f3n con nuestra red social. Si as\u00ed se ejecuta, la ASSOCIACI\u00d3 D\u2019EMPRESES SERVEIS DE TARRAGONA tendr\u00e1 acceso al perfil del usuario de acuerdo con los par\u00e1metros estipulados por la propia red social y podr\u00e1 interactuar con \u00e9l mediante el env\u00edo de mensajes, publicaciones, participaci\u00f3n en concursos y sorteos. Si el usuario no desea que La pueda acceder a su perfil o interrelacionarse con \u00e9l ser\u00e1 necesario que se desvincule del perfil dejando de seguir o eliminar como amistad, seguidor o usuario a la ASSOCIACI\u00d3 D\u2019EMPRESES SERVEIS DE TARRAGONA.\u00a0<\/p><p>Las actuaciones que realice ASSOCIACI\u00d3 D\u2019EMPRESES SERVEIS DE TARRAGONA podr\u00e1n tener car\u00e1cter informativo y\/o publicitario de sus servicios o productos, considerando que la red social es un medio publicitario, bajo la responsabilidad de la ASSOCIACI\u00d3 D\u2019EMPRESES SERVEIS DE TARRAGONA en cuanto a las publicaciones y comunicaciones que se realicen por estos medios online.\u00a0\u00a0<\/p><p>La participaci\u00f3n de los usuarios en concursos, promociones o sorteos implicar\u00e1 que el usuario acepta las bases legales de este concurso, promoci\u00f3n o sorteo que ser\u00e1n publicados en la red social de referencia en el momento oportuno y con su participaci\u00f3n implicar\u00e1 que el usuario ha aceptado las mismas.\u00a0\u00a0<\/p><p>Se recuerda a los usuarios que las publicaciones que realicen en las redes sociales estar\u00e1n bajo su responsabilidad y ser\u00e1 necesario que respeten la legislaci\u00f3n y los derechos de terceros que puedan afectar con especial relevancia a los derechos de propiedad intelectual, de protecci\u00f3n de datos y de la propia imagen de terceros, as\u00ed como las normas de las propias redes sociales que consten en los siguientes enlaces:\u00a0<\/p><p>Facebook: <a href=\"https:\/\/www.facebook.com\/legal\/terms\">https:\/\/www.facebook.com\/legal\/terms<\/a> \u00a0<\/p><p>Instagram : <a href=\"https:\/\/help.instagram.com\/\">https:\/\/help.instagram.com\/<\/a> \u00a0<\/p><p>Twitter: <a href=\"https:\/\/twitter.com\/es\/tos\">https:\/\/twitter.com\/es\/tos<\/a> \u00a0\u00a0<\/p><p>Linkedin: <a href=\"https:\/\/www.linkedin.com\/legal\/user-agreement\">https:\/\/www.linkedin.com\/legal\/user-agreement<\/a> \u00a0<\/p><p>\u00a0<\/p><p><strong>PROTECCI\u00d3N DE DATOS PERSONALES<\/strong><\/p><p>En virtud de la normativa de protecci\u00f3n de datos de car\u00e1cter personal, por la presente autoriza a que los datos personales facilitados sean incorporados en ficheros responsabilidad de la ASSOCIACI\u00d3 D\u2019EMPRESES SERVEIS DE TARRAGONA y domicilio en Avinguda Pau Casals 17, 43003 Tarragona (TARRAGONA):<\/p><p>Datos de contacto a trav\u00e9s de comunicaciones por correo electr\u00f3nico o formulario de contacto. Sus datos ser\u00e1n con la finalidad de gestionar nuestros contactos y dar respuesta a su petici\u00f3n, as\u00ed como informarle sobre nuestros servicios. Sus datos ser\u00e1n conservados hasta que se resuelva la petici\u00f3n, y no ser\u00e1n transmitidos a terceros.<\/p><ul><li>Datos del formulario de contacto y comunicaciones electr\u00f3nicas: datos recogidos con la finalidad de dar respuesta a su petici\u00f3n. Sus datos no ser\u00e1n comunicados a terceros a excepci\u00f3n de ley y ser\u00e1n conservados hasta que sean necesarios para la finalidad para que fueron captados.<\/li><li>Datos de alta de asociados: sus datos ser\u00e1n tratados con la finalidad de poder ser asociado, enviarle los comunicados que sean de su inter\u00e9s as\u00ed como poder darle acceso a su espacio privado en nuestra web.<\/li><\/ul><p>En cualquier caso, podr\u00e1 indicar la revocaci\u00f3n del consentimiento dado, si \u00e9sta fue la base que legitim\u00f3 el tratamiento o ejercitar los derechos previstos:<\/p><ul><li><u>De acceso:<\/u> el interesado tiene derecho a saber si el responsable trata datos personales suyos y, si es as\u00ed, tiene derecho a acceder a estos datos, as\u00ed como a obtener informaci\u00f3n al respecto de los tratamientos realizados.<\/li><li><u>Rectificaci\u00f3n:<\/u> Est\u00e1 vinculado al car\u00e1cter de inexactitud o incompleto de los datos. El interesado tiene derecho a rectificar sus datos personales inexactos y que se completen sus datos personales incompletos.<\/li><li><u>Supresi\u00f3n<\/u>: El interesado tiene derecho a obtener la supresi\u00f3n de sus datos personales (&#8220;derecho al olvido&#8221;), cuando estos ya no son necesarios para la finalidad para la cual se recogieron, se revoca el consentimiento en el cual se basaba el tratamiento, el interesado se opone al tratamiento, los datos se han tratado il\u00edcitamente, se tienen que suprimir para cumplir una obligaci\u00f3n legal o se han obtenido en relaci\u00f3n con la oferta de servicios de la sociedad de la informaci\u00f3n dirigida a menores.<\/li><li><u>Limitaci\u00f3n del tratamiento<\/u>: es un derecho de la persona interesada consistente en marcar sus datos de car\u00e1cter personal conservados con la finalidad de limitar el tratamiento en el futuro. La limitaci\u00f3n del tratamiento supone que, a petici\u00f3n de la persona interesada, sus datos personales indicados se dejen de tratar.<\/li><li><u>Oposici\u00f3n<\/u>: el interesado tiene derecho a oponerse al tratamiento de sus datos cuando se base en algunos supuestos concretos y se invoque un motivo relacionado con su situaci\u00f3n personal.<\/li><li><u>Portabilidad de los datos:<\/u> el interesado tiene derecho a recibir sus datos personales facilitados al responsable del tratamiento en un formato estructurado, de uso com\u00fan y de lectura mec\u00e1nica, si se basa en el consentimiento o en un contrato o cuando el tratamiento se realiza por medios automatizados.<\/li><li><u>A no ser objeto de decisiones individuales automatizadas:<\/u> el interesado tiene derecho a no ser objeto de una decisi\u00f3n basada en el tratamiento automatizado de sus datos, incluida la elaboraci\u00f3n de perfiles que produzca efectos jur\u00eddicos en \u00e9l o que le afecte negativamente.<\/li><\/ul><p>Estas peticiones ser deber\u00e1n realizar en Avinguda Pau Casals 17, 43003 Tarragona (TARRAGONA) o por correo electr\u00f3nico a <a href=\"mailto:info@aestarragona.org\">info@aestarragona.org<\/a>.<\/p><p>Asimismo, tambi\u00e9n podr\u00e1 presentar una reclamaci\u00f3n ante la Agencia Espa\u00f1ola de Protecci\u00f3n de Datos.<\/p><p>\u00a0<\/p><p><strong>PROPIEDAD INDUSTRIAL E INTELECTUAL<\/strong><\/p><p>Este sitio web es propiedad de la ASSOCIACI\u00d3 D\u2019EMPRESES SERVEIS DE TARRAGONA.\u00a0Los derechos de propiedad intelectual y los derechos de explotaci\u00f3n y reproducci\u00f3n de este sitio web, sus p\u00e1ginas, su presencia en redes sociales, pantallas, la informaci\u00f3n que contienen, su apariencia y dise\u00f1o, as\u00ed como los enlaces (&#8220;hiperv\u00ednculos&#8221;) establecidos desde ella a otras p\u00e1ginas web de cualquier centro adscrito u organismo dependiente, son propiedad exclusiva de \u00e9sta salvo que expresamente se estableciese otra cosa.\u00a0<\/p><p>Todas las denominaciones, dise\u00f1os y\/o logotipos, as\u00ed como cualquier producto o servicio ofrecido y reflejado en este sitio web, son marcas comerciales debidamente registradas por la ASSOCIACI\u00d3 D\u2019EMPRESES SERVEIS DE TARRAGONA por sus subsidiarias y\/o dominadas o por terceros.<\/p><p>Cualquier uso indebido del mismo por personas distintas de su leg\u00edtimo titular y sin el consentimiento expreso e inequ\u00edvoco de \u00e9ste podr\u00e1 ser denunciado y enjuiciado por todos los medios legales existentes en el ordenamiento jur\u00eddico espa\u00f1ol y\/o comunitario.<\/p><p>Los derechos de propiedad intelectual y marcas comerciales de terceros se destacan convenientemente y deben ser respetados por cualquier persona que acceda a esta p\u00e1gina, no siendo responsable de la ASSOCIACI\u00d3 D\u2019EMPRESES SERVEIS DE TARRAGONA el uso que el usuario pueda llevar a cabo a este respecto, siendo la \u00fanica responsabilidad sobre su persona.<\/p><p>S\u00f3lo para uso personal y privado est\u00e1 permitido descargar los contenidos, copiar o imprimir cualquier p\u00e1gina de este sitio web y redes sociales.\u00a0Queda prohibido reproducir, transmitir, modificar o eliminar la informaci\u00f3n, contenidos o advertencias de este sitio web sin la autorizaci\u00f3n previa por escrito de la ASSOCIACI\u00d3 D\u2019EMPRESES SERVEIS DE TARRAGONA.<\/p><p>La ASSOCIACI\u00d3 D\u2019EMPRESES SERVEIS DE TARRAGONA no transfiere a los usuarios la propiedad de su software.\u00a0El usuario es el propietario del medio en el que se graba el software.\u00a0La ASSOCIACI\u00d3 D\u2019EMPRESES SERVEIS DE TARRAGONA posee todos los derechos de propiedad industrial e intelectual, incluido el software.\u00a0Si el usuario transfiere software de este sitio web a su terminal, no podr\u00e1 diseccionar por su estudio y descompilar, traducir la versi\u00f3n del c\u00f3digo objeto original o su idioma a otro c\u00f3digo o idioma.<\/p><p>\u00a0<\/p><p><strong>LEY APLICABLE Y JURISDICCI\u00d3N<\/strong><\/p><p>Las presentes condiciones generales se rigen por la Legislaci\u00f3n espa\u00f1ola, siendo competentes los Juzgados y Tribunales espa\u00f1oles para conocer de cuantas cuestiones se susciten sobre la interpretaci\u00f3n, aplicaci\u00f3n y cumplimiento de las mismas. El usuario, por virtud de su aceptaci\u00f3n a las condiciones generales recogidas en este aviso legal y siempre que esta sumisi\u00f3n sea posible, renuncia expresamente a cualquier fuero que, por aplicaci\u00f3n de la Ley de Enjuiciamiento Civil vigente pudiera corresponderle.<\/p>\t\t\t\t\t\t\t\t<\/div>\n\t\t\t\t<\/div>\n\t\t\t\t\t<\/div>\n\t\t<\/div>\n\t\t\t\t<div class=\"elementor-column elementor-col-33 elementor-top-column elementor-element elementor-element-d4a0d53\" data-id=\"d4a0d53\" data-element_type=\"column\" data-e-type=\"column\">\n\t\t\t<div class=\"elementor-widget-wrap\">\n\t\t\t\t\t\t\t<\/div>\n\t\t<\/div>\n\t\t\t\t\t<\/div>\n\t\t<\/section>\n\t\t\t\t<\/div>\n\t\t","protected":false},"excerpt":{"rendered":"<p>Aviso legal y privacidad INFORMACI\u00d3N LEGAL LSSIYCE De acuerdo con las obligaciones previstas en la Ley 34\/2002 de Servicios de la Sociedad de la Informaci\u00f3n y del Comercio Electr\u00f3nico (en adelante LSSIYCE), la ASSOCIACI\u00d3 D&#8217;EMPRESES SERVEIS DE TARRAGONA con domicilio en Avinguda Pau Casals 17, 43003 Tarragona (TARRAGONA) con CIF G43870658 y correo electr\u00f3nico info@aestarragona.org &#8211; el dominio web: \u00a0https:\/\/www.aestarragona.org\/ -los perfiles y redes sociales: [&hellip;]<\/p>\n","protected":false},"author":1,"featured_media":0,"parent":0,"menu_order":0,"comment_status":"closed","ping_status":"closed","template":"","meta":{"_acf_changed":false,"footnotes":""},"class_list":["post-13015","page","type-page","status-publish","hentry"],"acf":[],"yoast_head":"<!-- This site is optimized with the Yoast SEO plugin v27.6 - https:\/\/yoast.com\/product\/yoast-seo-wordpress\/ -->\n<title>Aviso legal y privacidad - AEST<\/title>\n<meta name=\"robots\" content=\"index, follow, max-snippet:-1, max-image-preview:large, max-video-preview:-1\" \/>\n<link rel=\"canonical\" href=\"https:\/\/www.aestarragona.org\/ca\/aviso-legal-y-privacidad\/\" \/>\n<meta property=\"og:locale\" content=\"ca_ES\" \/>\n<meta property=\"og:type\" content=\"article\" \/>\n<meta property=\"og:title\" content=\"Aviso legal y privacidad - AEST\" \/>\n<meta property=\"og:description\" content=\"Aviso legal y privacidad INFORMACI\u00d3N LEGAL LSSIYCE De acuerdo con las obligaciones previstas en la Ley 34\/2002 de Servicios de la Sociedad de la Informaci\u00f3n y del Comercio Electr\u00f3nico (en adelante LSSIYCE), la ASSOCIACI\u00d3 D&#8217;EMPRESES SERVEIS DE TARRAGONA con domicilio en Avinguda Pau Casals 17, 43003 Tarragona (TARRAGONA) con CIF G43870658 y correo electr\u00f3nico info@aestarragona.org &#8211; el dominio web: \u00a0https:\/\/www.aestarragona.org\/ -los perfiles y redes sociales: [&hellip;]\" \/>\n<meta property=\"og:url\" content=\"https:\/\/www.aestarragona.org\/ca\/aviso-legal-y-privacidad\/\" \/>\n<meta property=\"og:site_name\" content=\"AEST\" \/>\n<meta property=\"article:publisher\" content=\"https:\/\/m.facebook.com\/aestarragona\" \/>\n<meta property=\"article:modified_time\" content=\"2024-06-17T11:33:57+00:00\" \/>\n<meta name=\"twitter:card\" content=\"summary_large_image\" \/>\n<meta name=\"twitter:site\" content=\"@AESTarragona\" \/>\n<meta name=\"twitter:label1\" content=\"Est. reading time\" \/>\n\t<meta name=\"twitter:data1\" content=\"9 minuts\" \/>\n<script type=\"application\/ld+json\" class=\"yoast-schema-graph\">{\"@context\":\"https:\\\/\\\/schema.org\",\"@graph\":[{\"@type\":\"WebPage\",\"@id\":\"https:\\\/\\\/www.aestarragona.org\\\/ca\\\/aviso-legal-y-privacidad\\\/\",\"url\":\"https:\\\/\\\/www.aestarragona.org\\\/ca\\\/aviso-legal-y-privacidad\\\/\",\"name\":\"Aviso legal y privacidad - AEST\",\"isPartOf\":{\"@id\":\"https:\\\/\\\/www.aestarragona.org\\\/ca\\\/#website\"},\"datePublished\":\"2023-05-16T15:38:22+00:00\",\"dateModified\":\"2024-06-17T11:33:57+00:00\",\"breadcrumb\":{\"@id\":\"https:\\\/\\\/www.aestarragona.org\\\/ca\\\/aviso-legal-y-privacidad\\\/#breadcrumb\"},\"inLanguage\":\"ca\",\"potentialAction\":[{\"@type\":\"ReadAction\",\"target\":[\"https:\\\/\\\/www.aestarragona.org\\\/ca\\\/aviso-legal-y-privacidad\\\/\"]}]},{\"@type\":\"BreadcrumbList\",\"@id\":\"https:\\\/\\\/www.aestarragona.org\\\/ca\\\/aviso-legal-y-privacidad\\\/#breadcrumb\",\"itemListElement\":[{\"@type\":\"ListItem\",\"position\":1,\"name\":\"Portada\",\"item\":\"https:\\\/\\\/www.aestarragona.org\\\/ca\\\/\"},{\"@type\":\"ListItem\",\"position\":2,\"name\":\"Aviso legal y privacidad\"}]},{\"@type\":\"WebSite\",\"@id\":\"https:\\\/\\\/www.aestarragona.org\\\/ca\\\/#website\",\"url\":\"https:\\\/\\\/www.aestarragona.org\\\/ca\\\/\",\"name\":\"AEST - La Asociaci\u00f3n de Empresas de Servicios de de Tarragona\",\"description\":\"La Asociaci\u00f3n de Empresas de Servicios de Tarragona\",\"publisher\":{\"@id\":\"https:\\\/\\\/www.aestarragona.org\\\/ca\\\/#organization\"},\"potentialAction\":[{\"@type\":\"SearchAction\",\"target\":{\"@type\":\"EntryPoint\",\"urlTemplate\":\"https:\\\/\\\/www.aestarragona.org\\\/ca\\\/?s={search_term_string}\"},\"query-input\":{\"@type\":\"PropertyValueSpecification\",\"valueRequired\":true,\"valueName\":\"search_term_string\"}}],\"inLanguage\":\"ca\"},{\"@type\":\"Organization\",\"@id\":\"https:\\\/\\\/www.aestarragona.org\\\/ca\\\/#organization\",\"name\":\"AEST - Asociaci\u00f3n de Empresas de Servicios de de Tarragona\",\"url\":\"https:\\\/\\\/www.aestarragona.org\\\/ca\\\/\",\"logo\":{\"@type\":\"ImageObject\",\"inLanguage\":\"ca\",\"@id\":\"https:\\\/\\\/www.aestarragona.org\\\/ca\\\/#\\\/schema\\\/logo\\\/image\\\/\",\"url\":\"https:\\\/\\\/www.aestarragona.org\\\/wp-content\\\/uploads\\\/2023\\\/05\\\/aest-logo-1.png\",\"contentUrl\":\"https:\\\/\\\/www.aestarragona.org\\\/wp-content\\\/uploads\\\/2023\\\/05\\\/aest-logo-1.png\",\"width\":182,\"height\":182,\"caption\":\"AEST - Asociaci\u00f3n de Empresas de Servicios de de Tarragona\"},\"image\":{\"@id\":\"https:\\\/\\\/www.aestarragona.org\\\/ca\\\/#\\\/schema\\\/logo\\\/image\\\/\"},\"sameAs\":[\"https:\\\/\\\/m.facebook.com\\\/aestarragona\",\"https:\\\/\\\/x.com\\\/AESTarragona\"]}]}<\/script>\n<!-- \/ Yoast SEO plugin. -->","yoast_head_json":{"title":"Aviso legal y privacidad - AEST","robots":{"index":"index","follow":"follow","max-snippet":"max-snippet:-1","max-image-preview":"max-image-preview:large","max-video-preview":"max-video-preview:-1"},"canonical":"https:\/\/www.aestarragona.org\/ca\/aviso-legal-y-privacidad\/","og_locale":"ca_ES","og_type":"article","og_title":"Aviso legal y privacidad - AEST","og_description":"Aviso legal y privacidad INFORMACI\u00d3N LEGAL LSSIYCE De acuerdo con las obligaciones previstas en la Ley 34\/2002 de Servicios de la Sociedad de la Informaci\u00f3n y del Comercio Electr\u00f3nico (en adelante LSSIYCE), la ASSOCIACI\u00d3 D&#8217;EMPRESES SERVEIS DE TARRAGONA con domicilio en Avinguda Pau Casals 17, 43003 Tarragona (TARRAGONA) con CIF G43870658 y correo electr\u00f3nico info@aestarragona.org &#8211; el dominio web: \u00a0https:\/\/www.aestarragona.org\/ -los perfiles y redes sociales: [&hellip;]","og_url":"https:\/\/www.aestarragona.org\/ca\/aviso-legal-y-privacidad\/","og_site_name":"AEST","article_publisher":"https:\/\/m.facebook.com\/aestarragona","article_modified_time":"2024-06-17T11:33:57+00:00","twitter_card":"summary_large_image","twitter_site":"@AESTarragona","twitter_misc":{"Est. reading time":"9 minuts"},"schema":{"@context":"https:\/\/schema.org","@graph":[{"@type":"WebPage","@id":"https:\/\/www.aestarragona.org\/ca\/aviso-legal-y-privacidad\/","url":"https:\/\/www.aestarragona.org\/ca\/aviso-legal-y-privacidad\/","name":"Aviso legal y privacidad - AEST","isPartOf":{"@id":"https:\/\/www.aestarragona.org\/ca\/#website"},"datePublished":"2023-05-16T15:38:22+00:00","dateModified":"2024-06-17T11:33:57+00:00","breadcrumb":{"@id":"https:\/\/www.aestarragona.org\/ca\/aviso-legal-y-privacidad\/#breadcrumb"},"inLanguage":"ca","potentialAction":[{"@type":"ReadAction","target":["https:\/\/www.aestarragona.org\/ca\/aviso-legal-y-privacidad\/"]}]},{"@type":"BreadcrumbList","@id":"https:\/\/www.aestarragona.org\/ca\/aviso-legal-y-privacidad\/#breadcrumb","itemListElement":[{"@type":"ListItem","position":1,"name":"Portada","item":"https:\/\/www.aestarragona.org\/ca\/"},{"@type":"ListItem","position":2,"name":"Aviso legal y privacidad"}]},{"@type":"WebSite","@id":"https:\/\/www.aestarragona.org\/ca\/#website","url":"https:\/\/www.aestarragona.org\/ca\/","name":"AEST - La Asociaci\u00f3n de Empresas de Servicios de de Tarragona","description":"La Asociaci\u00f3n de Empresas de Servicios de Tarragona","publisher":{"@id":"https:\/\/www.aestarragona.org\/ca\/#organization"},"potentialAction":[{"@type":"SearchAction","target":{"@type":"EntryPoint","urlTemplate":"https:\/\/www.aestarragona.org\/ca\/?s={search_term_string}"},"query-input":{"@type":"PropertyValueSpecification","valueRequired":true,"valueName":"search_term_string"}}],"inLanguage":"ca"},{"@type":"Organization","@id":"https:\/\/www.aestarragona.org\/ca\/#organization","name":"AEST - Asociaci\u00f3n de Empresas de Servicios de de Tarragona","url":"https:\/\/www.aestarragona.org\/ca\/","logo":{"@type":"ImageObject","inLanguage":"ca","@id":"https:\/\/www.aestarragona.org\/ca\/#\/schema\/logo\/image\/","url":"https:\/\/www.aestarragona.org\/wp-content\/uploads\/2023\/05\/aest-logo-1.png","contentUrl":"https:\/\/www.aestarragona.org\/wp-content\/uploads\/2023\/05\/aest-logo-1.png","width":182,"height":182,"caption":"AEST - Asociaci\u00f3n de Empresas de Servicios de de Tarragona"},"image":{"@id":"https:\/\/www.aestarragona.org\/ca\/#\/schema\/logo\/image\/"},"sameAs":["https:\/\/m.facebook.com\/aestarragona","https:\/\/x.com\/AESTarragona"]}]}},"_links":{"self":[{"href":"https:\/\/www.aestarragona.org\/ca\/wp-json\/wp\/v2\/pages\/13015","targetHints":{"allow":["GET"]}}],"collection":[{"href":"https:\/\/www.aestarragona.org\/ca\/wp-json\/wp\/v2\/pages"}],"about":[{"href":"https:\/\/www.aestarragona.org\/ca\/wp-json\/wp\/v2\/types\/page"}],"author":[{"embeddable":true,"href":"https:\/\/www.aestarragona.org\/ca\/wp-json\/wp\/v2\/users\/1"}],"replies":[{"embeddable":true,"href":"https:\/\/www.aestarragona.org\/ca\/wp-json\/wp\/v2\/comments?post=13015"}],"version-history":[{"count":4,"href":"https:\/\/www.aestarragona.org\/ca\/wp-json\/wp\/v2\/pages\/13015\/revisions"}],"predecessor-version":[{"id":13380,"href":"https:\/\/www.aestarragona.org\/ca\/wp-json\/wp\/v2\/pages\/13015\/revisions\/13380"}],"wp:attachment":[{"href":"https:\/\/www.aestarragona.org\/ca\/wp-json\/wp\/v2\/media?parent=13015"}],"curies":[{"name":"wp","href":"https:\/\/api.w.org\/{rel}","templated":true}]}}