{"id":13021,"date":"2023-05-16T13:57:13","date_gmt":"2023-05-16T11:57:13","guid":{"rendered":"https:\/\/www.aestarragona.org\/contacta\/"},"modified":"2023-10-09T11:37:52","modified_gmt":"2023-10-09T09:37:52","slug":"contacta","status":"publish","type":"page","link":"https:\/\/www.aestarragona.org\/ca\/contacta\/","title":{"rendered":"Contacta"},"content":{"rendered":"\t\t<div data-elementor-type=\"wp-page\" data-elementor-id=\"13021\" class=\"elementor elementor-13021 elementor-10642\">\n\t\t\t\t\t\t<section class=\"elementor-section elementor-top-section elementor-element elementor-element-851ba46 elementor-section-height-min-height elementor-section-stretched elementor-section-boxed elementor-section-height-default elementor-section-items-middle qodef-elementor-content-no\" data-id=\"851ba46\" data-element_type=\"section\" data-e-type=\"section\" data-settings=\"{&quot;stretch_section&quot;:&quot;section-stretched&quot;,&quot;background_background&quot;:&quot;slideshow&quot;,&quot;background_slideshow_gallery&quot;:[{&quot;id&quot;:10320,&quot;url&quot;:&quot;https:\\\/\\\/www.aestarragona.org\\\/wp-content\\\/uploads\\\/2023\\\/05\\\/organigrama-img.png&quot;}],&quot;background_slideshow_loop&quot;:&quot;yes&quot;,&quot;background_slideshow_slide_duration&quot;:5000,&quot;background_slideshow_slide_transition&quot;:&quot;fade&quot;,&quot;background_slideshow_transition_duration&quot;:500}\">\n\t\t\t\t\t\t<div class=\"elementor-container elementor-column-gap-default\">\n\t\t\t\t\t<div class=\"elementor-column elementor-col-100 elementor-top-column elementor-element elementor-element-5d7d727\" data-id=\"5d7d727\" data-element_type=\"column\" data-e-type=\"column\">\n\t\t\t<div class=\"elementor-widget-wrap elementor-element-populated\">\n\t\t\t\t\t\t<div class=\"elementor-element elementor-element-12d63b9 elementor-widget elementor-widget-heading\" data-id=\"12d63b9\" data-element_type=\"widget\" data-e-type=\"widget\" data-widget_type=\"heading.default\">\n\t\t\t\t<div class=\"elementor-widget-container\">\n\t\t\t\t\t<h1 class=\"elementor-heading-title elementor-size-default\">Contacta con nosotros<\/h1>\t\t\t\t<\/div>\n\t\t\t\t<\/div>\n\t\t\t\t\t<\/div>\n\t\t<\/div>\n\t\t\t\t\t<\/div>\n\t\t<\/section>\n\t\t\t\t<section class=\"elementor-section elementor-top-section elementor-element elementor-element-cd2ec70 elementor-section-full_width elementor-section-height-default elementor-section-height-default qodef-elementor-content-no\" data-id=\"cd2ec70\" data-element_type=\"section\" data-e-type=\"section\">\n\t\t\t\t\t\t<div class=\"elementor-container elementor-column-gap-default\">\n\t\t\t\t\t<div class=\"elementor-column elementor-col-50 elementor-top-column elementor-element elementor-element-a13234f\" data-id=\"a13234f\" data-element_type=\"column\" data-e-type=\"column\">\n\t\t\t<div class=\"elementor-widget-wrap elementor-element-populated\">\n\t\t\t\t\t\t<div class=\"elementor-element elementor-element-5106c7f elementor-widget elementor-widget-heading\" data-id=\"5106c7f\" data-element_type=\"widget\" data-e-type=\"widget\" data-widget_type=\"heading.default\">\n\t\t\t\t<div class=\"elementor-widget-container\">\n\t\t\t\t\t<h2 class=\"elementor-heading-title elementor-size-default\">\u00a1Resolvemos tus dudas!<\/h2>\t\t\t\t<\/div>\n\t\t\t\t<\/div>\n\t\t\t\t<div class=\"elementor-element elementor-element-6f9a977 elementor-widget elementor-widget-text-editor\" data-id=\"6f9a977\" data-element_type=\"widget\" data-e-type=\"widget\" data-widget_type=\"text-editor.default\">\n\t\t\t\t<div class=\"elementor-widget-container\">\n\t\t\t\t\t\t\t\t\t<p>Contacta con nosotros y nos pondremos lo antes posible en contacto contigo para resolver tus dudas.<\/p>\n\t\t\t\t\t\t\t\t<\/div>\n\t\t\t\t<\/div>\n\t\t\t\t<div class=\"elementor-element elementor-element-3797f0e elementor-widget elementor-widget-qi_addons_for_elementor_contact_form_7\" data-id=\"3797f0e\" data-element_type=\"widget\" data-e-type=\"widget\" data-widget_type=\"qi_addons_for_elementor_contact_form_7.default\">\n\t\t\t\t<div class=\"elementor-widget-container\">\n\t\t\t\t\t<div class=\"qodef-shortcode qodef-m qodef-qi-contact-form-7\">\n\t\n<div class=\"wpcf7 no-js\" id=\"wpcf7-f10657-o1\" lang=\"es-ES\" dir=\"ltr\" data-wpcf7-id=\"10657\">\n<div class=\"screen-reader-response\"><p role=\"status\" aria-live=\"polite\" aria-atomic=\"true\"><\/p> <ul><\/ul><\/div>\n<form action=\"\/ca\/wp-json\/wp\/v2\/pages\/13021#wpcf7-f10657-o1\" method=\"post\" class=\"wpcf7-form init\" aria-label=\"Formulario de contacto\" novalidate=\"novalidate\" data-status=\"init\">\n<fieldset class=\"hidden-fields-container\"><input type=\"hidden\" name=\"_wpcf7\" value=\"10657\" \/><input type=\"hidden\" name=\"_wpcf7_version\" value=\"6.1.5\" \/><input type=\"hidden\" name=\"_wpcf7_locale\" value=\"es_ES\" \/><input type=\"hidden\" name=\"_wpcf7_unit_tag\" value=\"wpcf7-f10657-o1\" \/><input type=\"hidden\" name=\"_wpcf7_container_post\" value=\"0\" \/><input type=\"hidden\" name=\"_wpcf7_posted_data_hash\" value=\"\" \/><input type=\"hidden\" name=\"_wpcf7_recaptcha_response\" value=\"\" \/>\n<\/fieldset>\n<label> Nombre <\/label>\n<span class=\"wpcf7-form-control-wrap\" data-name=\"name-cnt\"><input size=\"40\" maxlength=\"400\" class=\"wpcf7-form-control wpcf7-text wpcf7-validates-as-required\" aria-required=\"true\" aria-invalid=\"false\" value=\"\" type=\"text\" name=\"name-cnt\" \/><\/span>\n\n<label> Apellidos <\/label>\n<span class=\"wpcf7-form-control-wrap\" data-name=\"apellidos\"><input size=\"40\" maxlength=\"400\" class=\"wpcf7-form-control wpcf7-text wpcf7-validates-as-required\" aria-required=\"true\" aria-invalid=\"false\" value=\"\" type=\"text\" name=\"apellidos\" \/><\/span>\n\n<label> Tel\u00e9fono <\/label>\n<span class=\"wpcf7-form-control-wrap\" data-name=\"phone-cnt\"><input size=\"40\" maxlength=\"400\" class=\"wpcf7-form-control wpcf7-tel wpcf7-validates-as-required wpcf7-text wpcf7-validates-as-tel\" aria-required=\"true\" aria-invalid=\"false\" value=\"\" type=\"tel\" name=\"phone-cnt\" \/><\/span>\n\n<label> Email <\/label>\n<span class=\"wpcf7-form-control-wrap\" data-name=\"email-930\"><input size=\"40\" maxlength=\"400\" class=\"wpcf7-form-control wpcf7-email wpcf7-validates-as-required wpcf7-text wpcf7-validates-as-email\" aria-required=\"true\" aria-invalid=\"false\" value=\"\" type=\"email\" name=\"email-930\" \/><\/span>\n\n<label> Empresa <\/label>\n<span class=\"wpcf7-form-control-wrap\" data-name=\"empresa-cnt\"><input size=\"40\" maxlength=\"400\" class=\"wpcf7-form-control wpcf7-text wpcf7-validates-as-required\" aria-required=\"true\" aria-invalid=\"false\" value=\"\" type=\"text\" name=\"empresa-cnt\" \/><\/span>\n\n<label> Asunto <\/label>\n<span class=\"wpcf7-form-control-wrap\" data-name=\"asunto-cnt\"><input size=\"40\" maxlength=\"400\" class=\"wpcf7-form-control wpcf7-text wpcf7-validates-as-required\" aria-required=\"true\" aria-invalid=\"false\" value=\"\" type=\"text\" name=\"asunto-cnt\" \/><\/span>\n\n<label> Mensaje <\/label>\n<span class=\"wpcf7-form-control-wrap\" data-name=\"mensaje\"><textarea cols=\"40\" rows=\"10\" maxlength=\"2000\" class=\"wpcf7-form-control wpcf7-textarea\" aria-invalid=\"false\" name=\"mensaje\"><\/textarea><\/span>\n\n<span class=\"wpcf7-form-control-wrap\" data-name=\"acceptance-469\"><span class=\"wpcf7-form-control wpcf7-acceptance\"><span class=\"wpcf7-list-item\"><label><input type=\"checkbox\" name=\"acceptance-469\" value=\"1\" aria-invalid=\"false\" \/><span class=\"wpcf7-list-item-label\">He leido y acepto <a style=\"text-decoration:underline;\" href=\"https:\/\/www.aestarragona.org\/aviso-legal-y-privacidad\/\"> las pol\u00edticas de privacidad <\/a> de esta p\u00e1gina<\/span><\/label><\/span><\/span><\/span>\n\n<span class=\"wpcf7-form-control-wrap recaptcha\" data-name=\"recaptcha\"><span data-sitekey=\"6LctIRwmAAAAAPQi2jClq8Ayk4M_TbEN4gHo2fOX\" class=\"wpcf7-form-control wpcf7-recaptcha g-recaptcha\"><\/span>\r\n<noscript>\r\n\t<div class=\"grecaptcha-noscript\">\r\n\t\t<iframe src=\"https:\/\/www.google.com\/recaptcha\/api\/fallback?k=6LctIRwmAAAAAPQi2jClq8Ayk4M_TbEN4gHo2fOX\" frameborder=\"0\" scrolling=\"no\" width=\"310\" height=\"430\">\r\n\t\t<\/iframe>\r\n\t\t<textarea name=\"g-recaptcha-response\" rows=\"3\" cols=\"40\" placeholder=\"Aqu\u00ed la respuesta de reCAPTCHA\">\r\n\t\t<\/textarea>\r\n\t<\/div>\r\n<\/noscript>\r\n<\/span>\n\n<button class=\"wpcf7-form-control wpcf7-submit qodef-button qodef-size--normal qodef-layout--filled qodef-m\" type=\"submit\"><span class=\"qodef-m-text\"><span class=\"qodef-m-text--real\">Enviar<\/span><span class=\"qodef-m-text--fake\">Enviar<\/span><\/span><span class=\"qodef-m-icon\"><svg xmlns=\"http:\/\/www.w3.org\/2000\/svg\" xmlns:xlink=\"http:\/\/www.w3.org\/1999\/xlink\" x=\"0px\" y=\"0px\" width=\"10px\" height=\"10px\" viewBox=\"0 0 10 10\" enable-background=\"new 0 0 10 10\" xml:space=\"preserve\"><line fill=\"none\" stroke=\"currentColor\" stroke-width=\"1.5\" stroke-miterlimit=\"10\" x1=\"6.052\" y1=\"3.933\" x2=\"0.953\" y2=\"9.031\"\/><line fill=\"none\" stroke=\"currentColor\" stroke-width=\"1.5\" stroke-miterlimit=\"10\" x1=\"2.312\" y1=\"1.241\" x2=\"9.313\" y2=\"1.241\"\/><line fill=\"none\" stroke=\"currentColor\" stroke-width=\"1.5\" stroke-miterlimit=\"10\" x1=\"8.609\" y1=\"0.501\" x2=\"8.609\" y2=\"7.5\"\/><\/svg><\/span><\/button><div class=\"wpcf7-response-output\" aria-hidden=\"true\"><\/div>\n<\/form>\n<\/div>\n<\/div>\n\t\t\t\t<\/div>\n\t\t\t\t<\/div>\n\t\t\t\t\t<\/div>\n\t\t<\/div>\n\t\t\t\t<div class=\"elementor-column elementor-col-50 elementor-top-column elementor-element elementor-element-db38be5\" data-id=\"db38be5\" data-element_type=\"column\" data-e-type=\"column\">\n\t\t\t<div class=\"elementor-widget-wrap elementor-element-populated\">\n\t\t\t\t\t\t<section class=\"elementor-section elementor-inner-section elementor-element elementor-element-4a8fe8f elementor-section-boxed elementor-section-height-default elementor-section-height-default qodef-elementor-content-no\" data-id=\"4a8fe8f\" data-element_type=\"section\" data-e-type=\"section\">\n\t\t\t\t\t\t<div class=\"elementor-container elementor-column-gap-default\">\n\t\t\t\t\t<div class=\"elementor-column elementor-col-100 elementor-inner-column elementor-element elementor-element-c8fe7e0\" data-id=\"c8fe7e0\" data-element_type=\"column\" data-e-type=\"column\" data-settings=\"{&quot;background_background&quot;:&quot;classic&quot;}\">\n\t\t\t<div class=\"elementor-widget-wrap elementor-element-populated\">\n\t\t\t\t\t\t<div class=\"elementor-element elementor-element-8bbede9 elementor-widget elementor-widget-heading\" data-id=\"8bbede9\" data-element_type=\"widget\" data-e-type=\"widget\" data-widget_type=\"heading.default\">\n\t\t\t\t<div class=\"elementor-widget-container\">\n\t\t\t\t\t<h3 class=\"elementor-heading-title elementor-size-default\">Datos de contacto<\/h3>\t\t\t\t<\/div>\n\t\t\t\t<\/div>\n\t\t\t\t<div class=\"elementor-element elementor-element-01e954c elementor-widget elementor-widget-text-editor\" data-id=\"01e954c\" data-element_type=\"widget\" data-e-type=\"widget\" data-widget_type=\"text-editor.default\">\n\t\t\t\t<div class=\"elementor-widget-container\">\n\t\t\t\t\t\t\t\t\t<p>Cambra de Tarragona<br \/>Av. Pau Casals, 17<br \/>43003 Tarragona<br \/><a href=\"tel:977219676\">977 21 96 76<\/a><\/p>\n\t\t\t\t\t\t\t\t<\/div>\n\t\t\t\t<\/div>\n\t\t\t\t\t<\/div>\n\t\t<\/div>\n\t\t\t\t\t<\/div>\n\t\t<\/section>\n\t\t\t\t\t<\/div>\n\t\t<\/div>\n\t\t\t\t\t<\/div>\n\t\t<\/section>\n\t\t\t\t<section class=\"elementor-section elementor-top-section elementor-element elementor-element-1cdefbd elementor-section-full_width elementor-section-height-default elementor-section-height-default qodef-elementor-content-no\" data-id=\"1cdefbd\" data-element_type=\"section\" data-e-type=\"section\">\n\t\t\t\t\t\t<div class=\"elementor-container elementor-column-gap-default\">\n\t\t\t\t\t<div class=\"elementor-column elementor-col-100 elementor-top-column elementor-element elementor-element-2f77177\" data-id=\"2f77177\" data-element_type=\"column\" data-e-type=\"column\">\n\t\t\t<div class=\"elementor-widget-wrap elementor-element-populated\">\n\t\t\t\t\t\t<div class=\"elementor-element elementor-element-897ba97 elementor-pagination-position-outside elementor-widget elementor-widget-image-carousel\" data-id=\"897ba97\" data-element_type=\"widget\" data-e-type=\"widget\" data-settings=\"{&quot;slides_to_show&quot;:&quot;6&quot;,&quot;slides_to_show_mobile&quot;:&quot;1&quot;,&quot;navigation&quot;:&quot;dots&quot;,&quot;image_spacing_custom&quot;:{&quot;unit&quot;:&quot;px&quot;,&quot;size&quot;:52,&quot;sizes&quot;:[]},&quot;autoplay&quot;:&quot;yes&quot;,&quot;pause_on_hover&quot;:&quot;yes&quot;,&quot;pause_on_interaction&quot;:&quot;yes&quot;,&quot;autoplay_speed&quot;:5000,&quot;infinite&quot;:&quot;yes&quot;,&quot;speed&quot;:500,&quot;image_spacing_custom_tablet&quot;:{&quot;unit&quot;:&quot;px&quot;,&quot;size&quot;:&quot;&quot;,&quot;sizes&quot;:[]}}\" data-widget_type=\"image-carousel.default\">\n\t\t\t\t<div class=\"elementor-widget-container\">\n\t\t\t\t\t\t\t<div class=\"elementor-image-carousel-wrapper swiper\" role=\"region\" aria-roledescription=\"carousel\" aria-label=\"Image Carousel\" dir=\"ltr\">\n\t\t\t<div class=\"elementor-image-carousel swiper-wrapper\" aria-live=\"off\">\n\t\t\t\t\t\t\t\t<div class=\"swiper-slide\" role=\"group\" aria-roledescription=\"slide\" aria-label=\"1 of 11\"><figure class=\"swiper-slide-inner\"><img decoding=\"async\" class=\"swiper-slide-image\" src=\"https:\/\/www.aestarragona.org\/wp-content\/uploads\/2023\/05\/image-1.png\" alt=\"image (1)\" \/><\/figure><\/div><div class=\"swiper-slide\" role=\"group\" aria-roledescription=\"slide\" aria-label=\"2 of 11\"><figure class=\"swiper-slide-inner\"><img decoding=\"async\" class=\"swiper-slide-image\" src=\"https:\/\/www.aestarragona.org\/wp-content\/uploads\/2023\/05\/image-2.png\" alt=\"image (2)\" \/><\/figure><\/div><div class=\"swiper-slide\" role=\"group\" aria-roledescription=\"slide\" aria-label=\"3 of 11\"><figure class=\"swiper-slide-inner\"><img decoding=\"async\" class=\"swiper-slide-image\" src=\"https:\/\/www.aestarragona.org\/wp-content\/uploads\/2023\/05\/image-3.png\" alt=\"image (3)\" \/><\/figure><\/div><div class=\"swiper-slide\" role=\"group\" aria-roledescription=\"slide\" aria-label=\"4 of 11\"><figure class=\"swiper-slide-inner\"><img decoding=\"async\" class=\"swiper-slide-image\" src=\"https:\/\/www.aestarragona.org\/wp-content\/uploads\/2023\/05\/image-4.png\" alt=\"image (4)\" \/><\/figure><\/div><div class=\"swiper-slide\" role=\"group\" aria-roledescription=\"slide\" aria-label=\"5 of 11\"><figure class=\"swiper-slide-inner\"><img decoding=\"async\" class=\"swiper-slide-image\" src=\"https:\/\/www.aestarragona.org\/wp-content\/uploads\/2023\/05\/image-5.png\" alt=\"image (5)\" \/><\/figure><\/div><div class=\"swiper-slide\" role=\"group\" aria-roledescription=\"slide\" aria-label=\"6 of 11\"><figure class=\"swiper-slide-inner\"><img decoding=\"async\" class=\"swiper-slide-image\" src=\"https:\/\/www.aestarragona.org\/wp-content\/uploads\/2023\/05\/image-6.png\" alt=\"image (6)\" \/><\/figure><\/div><div class=\"swiper-slide\" role=\"group\" aria-roledescription=\"slide\" aria-label=\"7 of 11\"><figure class=\"swiper-slide-inner\"><img decoding=\"async\" class=\"swiper-slide-image\" src=\"https:\/\/www.aestarragona.org\/wp-content\/uploads\/2023\/05\/image-7.png\" alt=\"image (7)\" \/><\/figure><\/div><div class=\"swiper-slide\" role=\"group\" aria-roledescription=\"slide\" aria-label=\"8 of 11\"><figure class=\"swiper-slide-inner\"><img decoding=\"async\" class=\"swiper-slide-image\" src=\"https:\/\/www.aestarragona.org\/wp-content\/uploads\/2023\/05\/image-8.png\" alt=\"image (8)\" \/><\/figure><\/div><div class=\"swiper-slide\" role=\"group\" aria-roledescription=\"slide\" aria-label=\"9 of 11\"><figure class=\"swiper-slide-inner\"><img decoding=\"async\" class=\"swiper-slide-image\" src=\"https:\/\/www.aestarragona.org\/wp-content\/uploads\/2023\/05\/image-9.png\" alt=\"image (9)\" \/><\/figure><\/div><div class=\"swiper-slide\" role=\"group\" aria-roledescription=\"slide\" aria-label=\"10 of 11\"><figure class=\"swiper-slide-inner\"><img decoding=\"async\" class=\"swiper-slide-image\" src=\"https:\/\/www.aestarragona.org\/wp-content\/uploads\/2023\/05\/image-10.png\" alt=\"image (10)\" \/><\/figure><\/div><div class=\"swiper-slide\" role=\"group\" aria-roledescription=\"slide\" aria-label=\"11 of 11\"><figure class=\"swiper-slide-inner\"><img decoding=\"async\" class=\"swiper-slide-image\" src=\"https:\/\/www.aestarragona.org\/wp-content\/uploads\/2023\/05\/image.png\" alt=\"image\" \/><\/figure><\/div>\t\t\t<\/div>\n\t\t\t\t\t\t\t\n\t\t\t\t\t\t\t\t\t<div class=\"swiper-pagination\"><\/div>\n\t\t\t\t\t\t\t\t\t<\/div>\n\t\t\t\t\t\t<\/div>\n\t\t\t\t<\/div>\n\t\t\t\t\t<\/div>\n\t\t<\/div>\n\t\t\t\t\t<\/div>\n\t\t<\/section>\n\t\t\t\t<\/div>\n\t\t","protected":false},"excerpt":{"rendered":"<p>Contacta con nosotros \u00a1Resolvemos tus dudas! Contacta con nosotros y nos pondremos lo antes posible en contacto contigo para resolver tus dudas. Nombre Apellidos Tel\u00e9fono Email Empresa Asunto Mensaje He leido y acepto las pol\u00edticas de privacidad de esta p\u00e1gina EnviarEnviar Datos de contacto Cambra de TarragonaAv. Pau Casals, 1743003 Tarragona977 21 96 76<\/p>\n","protected":false},"author":1,"featured_media":0,"parent":0,"menu_order":0,"comment_status":"closed","ping_status":"closed","template":"","meta":{"_acf_changed":false,"footnotes":""},"class_list":["post-13021","page","type-page","status-publish","hentry"],"acf":[],"yoast_head":"<!-- This site is optimized with the Yoast SEO plugin v27.5 - https:\/\/yoast.com\/product\/yoast-seo-wordpress\/ -->\n<title>Contacta - AEST<\/title>\n<meta name=\"robots\" content=\"index, follow, max-snippet:-1, max-image-preview:large, max-video-preview:-1\" \/>\n<link rel=\"canonical\" href=\"https:\/\/www.aestarragona.org\/ca\/contacta\/\" \/>\n<meta property=\"og:locale\" content=\"ca_ES\" \/>\n<meta property=\"og:type\" content=\"article\" \/>\n<meta property=\"og:title\" content=\"Contacta - AEST\" \/>\n<meta property=\"og:description\" content=\"Contacta con nosotros \u00a1Resolvemos tus dudas! Contacta con nosotros y nos pondremos lo antes posible en contacto contigo para resolver tus dudas. Nombre Apellidos Tel\u00e9fono Email Empresa Asunto Mensaje He leido y acepto las pol\u00edticas de privacidad de esta p\u00e1gina EnviarEnviar Datos de contacto Cambra de TarragonaAv. Pau Casals, 1743003 Tarragona977 21 96 76\" \/>\n<meta property=\"og:url\" content=\"https:\/\/www.aestarragona.org\/ca\/contacta\/\" \/>\n<meta property=\"og:site_name\" content=\"AEST\" \/>\n<meta property=\"article:publisher\" content=\"https:\/\/m.facebook.com\/aestarragona\" \/>\n<meta property=\"article:modified_time\" content=\"2023-10-09T09:37:52+00:00\" \/>\n<meta property=\"og:image\" content=\"https:\/\/www.aestarragona.org\/wp-content\/uploads\/2023\/05\/image-1.png\" \/>\n<meta name=\"twitter:card\" content=\"summary_large_image\" \/>\n<meta name=\"twitter:site\" content=\"@AESTarragona\" \/>\n<script type=\"application\/ld+json\" class=\"yoast-schema-graph\">{\"@context\":\"https:\\\/\\\/schema.org\",\"@graph\":[{\"@type\":\"WebPage\",\"@id\":\"https:\\\/\\\/www.aestarragona.org\\\/ca\\\/contacta\\\/\",\"url\":\"https:\\\/\\\/www.aestarragona.org\\\/ca\\\/contacta\\\/\",\"name\":\"Contacta - AEST\",\"isPartOf\":{\"@id\":\"https:\\\/\\\/www.aestarragona.org\\\/ca\\\/#website\"},\"primaryImageOfPage\":{\"@id\":\"https:\\\/\\\/www.aestarragona.org\\\/ca\\\/contacta\\\/#primaryimage\"},\"image\":{\"@id\":\"https:\\\/\\\/www.aestarragona.org\\\/ca\\\/contacta\\\/#primaryimage\"},\"thumbnailUrl\":\"https:\\\/\\\/www.aestarragona.org\\\/wp-content\\\/uploads\\\/2023\\\/05\\\/image-1.png\",\"datePublished\":\"2023-05-16T11:57:13+00:00\",\"dateModified\":\"2023-10-09T09:37:52+00:00\",\"breadcrumb\":{\"@id\":\"https:\\\/\\\/www.aestarragona.org\\\/ca\\\/contacta\\\/#breadcrumb\"},\"inLanguage\":\"ca\",\"potentialAction\":[{\"@type\":\"ReadAction\",\"target\":[\"https:\\\/\\\/www.aestarragona.org\\\/ca\\\/contacta\\\/\"]}]},{\"@type\":\"ImageObject\",\"inLanguage\":\"ca\",\"@id\":\"https:\\\/\\\/www.aestarragona.org\\\/ca\\\/contacta\\\/#primaryimage\",\"url\":\"https:\\\/\\\/www.aestarragona.org\\\/wp-content\\\/uploads\\\/2023\\\/05\\\/image-1.png\",\"contentUrl\":\"https:\\\/\\\/www.aestarragona.org\\\/wp-content\\\/uploads\\\/2023\\\/05\\\/image-1.png\"},{\"@type\":\"BreadcrumbList\",\"@id\":\"https:\\\/\\\/www.aestarragona.org\\\/ca\\\/contacta\\\/#breadcrumb\",\"itemListElement\":[{\"@type\":\"ListItem\",\"position\":1,\"name\":\"Portada\",\"item\":\"https:\\\/\\\/www.aestarragona.org\\\/ca\\\/\"},{\"@type\":\"ListItem\",\"position\":2,\"name\":\"Contacta\"}]},{\"@type\":\"WebSite\",\"@id\":\"https:\\\/\\\/www.aestarragona.org\\\/ca\\\/#website\",\"url\":\"https:\\\/\\\/www.aestarragona.org\\\/ca\\\/\",\"name\":\"AEST - La Asociaci\u00f3n de Empresas de Servicios de de Tarragona\",\"description\":\"La Asociaci\u00f3n de Empresas de Servicios de Tarragona\",\"publisher\":{\"@id\":\"https:\\\/\\\/www.aestarragona.org\\\/ca\\\/#organization\"},\"potentialAction\":[{\"@type\":\"SearchAction\",\"target\":{\"@type\":\"EntryPoint\",\"urlTemplate\":\"https:\\\/\\\/www.aestarragona.org\\\/ca\\\/?s={search_term_string}\"},\"query-input\":{\"@type\":\"PropertyValueSpecification\",\"valueRequired\":true,\"valueName\":\"search_term_string\"}}],\"inLanguage\":\"ca\"},{\"@type\":\"Organization\",\"@id\":\"https:\\\/\\\/www.aestarragona.org\\\/ca\\\/#organization\",\"name\":\"AEST - Asociaci\u00f3n de Empresas de Servicios de de Tarragona\",\"url\":\"https:\\\/\\\/www.aestarragona.org\\\/ca\\\/\",\"logo\":{\"@type\":\"ImageObject\",\"inLanguage\":\"ca\",\"@id\":\"https:\\\/\\\/www.aestarragona.org\\\/ca\\\/#\\\/schema\\\/logo\\\/image\\\/\",\"url\":\"https:\\\/\\\/www.aestarragona.org\\\/wp-content\\\/uploads\\\/2023\\\/05\\\/aest-logo-1.png\",\"contentUrl\":\"https:\\\/\\\/www.aestarragona.org\\\/wp-content\\\/uploads\\\/2023\\\/05\\\/aest-logo-1.png\",\"width\":182,\"height\":182,\"caption\":\"AEST - Asociaci\u00f3n de Empresas de Servicios de de Tarragona\"},\"image\":{\"@id\":\"https:\\\/\\\/www.aestarragona.org\\\/ca\\\/#\\\/schema\\\/logo\\\/image\\\/\"},\"sameAs\":[\"https:\\\/\\\/m.facebook.com\\\/aestarragona\",\"https:\\\/\\\/x.com\\\/AESTarragona\"]}]}<\/script>\n<!-- \/ Yoast SEO plugin. -->","yoast_head_json":{"title":"Contacta - AEST","robots":{"index":"index","follow":"follow","max-snippet":"max-snippet:-1","max-image-preview":"max-image-preview:large","max-video-preview":"max-video-preview:-1"},"canonical":"https:\/\/www.aestarragona.org\/ca\/contacta\/","og_locale":"ca_ES","og_type":"article","og_title":"Contacta - AEST","og_description":"Contacta con nosotros \u00a1Resolvemos tus dudas! Contacta con nosotros y nos pondremos lo antes posible en contacto contigo para resolver tus dudas. Nombre Apellidos Tel\u00e9fono Email Empresa Asunto Mensaje He leido y acepto las pol\u00edticas de privacidad de esta p\u00e1gina EnviarEnviar Datos de contacto Cambra de TarragonaAv. Pau Casals, 1743003 Tarragona977 21 96 76","og_url":"https:\/\/www.aestarragona.org\/ca\/contacta\/","og_site_name":"AEST","article_publisher":"https:\/\/m.facebook.com\/aestarragona","article_modified_time":"2023-10-09T09:37:52+00:00","og_image":[{"url":"https:\/\/www.aestarragona.org\/wp-content\/uploads\/2023\/05\/image-1.png","type":"","width":"","height":""}],"twitter_card":"summary_large_image","twitter_site":"@AESTarragona","schema":{"@context":"https:\/\/schema.org","@graph":[{"@type":"WebPage","@id":"https:\/\/www.aestarragona.org\/ca\/contacta\/","url":"https:\/\/www.aestarragona.org\/ca\/contacta\/","name":"Contacta - AEST","isPartOf":{"@id":"https:\/\/www.aestarragona.org\/ca\/#website"},"primaryImageOfPage":{"@id":"https:\/\/www.aestarragona.org\/ca\/contacta\/#primaryimage"},"image":{"@id":"https:\/\/www.aestarragona.org\/ca\/contacta\/#primaryimage"},"thumbnailUrl":"https:\/\/www.aestarragona.org\/wp-content\/uploads\/2023\/05\/image-1.png","datePublished":"2023-05-16T11:57:13+00:00","dateModified":"2023-10-09T09:37:52+00:00","breadcrumb":{"@id":"https:\/\/www.aestarragona.org\/ca\/contacta\/#breadcrumb"},"inLanguage":"ca","potentialAction":[{"@type":"ReadAction","target":["https:\/\/www.aestarragona.org\/ca\/contacta\/"]}]},{"@type":"ImageObject","inLanguage":"ca","@id":"https:\/\/www.aestarragona.org\/ca\/contacta\/#primaryimage","url":"https:\/\/www.aestarragona.org\/wp-content\/uploads\/2023\/05\/image-1.png","contentUrl":"https:\/\/www.aestarragona.org\/wp-content\/uploads\/2023\/05\/image-1.png"},{"@type":"BreadcrumbList","@id":"https:\/\/www.aestarragona.org\/ca\/contacta\/#breadcrumb","itemListElement":[{"@type":"ListItem","position":1,"name":"Portada","item":"https:\/\/www.aestarragona.org\/ca\/"},{"@type":"ListItem","position":2,"name":"Contacta"}]},{"@type":"WebSite","@id":"https:\/\/www.aestarragona.org\/ca\/#website","url":"https:\/\/www.aestarragona.org\/ca\/","name":"AEST - La Asociaci\u00f3n de Empresas de Servicios de de Tarragona","description":"La Asociaci\u00f3n de Empresas de Servicios de Tarragona","publisher":{"@id":"https:\/\/www.aestarragona.org\/ca\/#organization"},"potentialAction":[{"@type":"SearchAction","target":{"@type":"EntryPoint","urlTemplate":"https:\/\/www.aestarragona.org\/ca\/?s={search_term_string}"},"query-input":{"@type":"PropertyValueSpecification","valueRequired":true,"valueName":"search_term_string"}}],"inLanguage":"ca"},{"@type":"Organization","@id":"https:\/\/www.aestarragona.org\/ca\/#organization","name":"AEST - Asociaci\u00f3n de Empresas de Servicios de de Tarragona","url":"https:\/\/www.aestarragona.org\/ca\/","logo":{"@type":"ImageObject","inLanguage":"ca","@id":"https:\/\/www.aestarragona.org\/ca\/#\/schema\/logo\/image\/","url":"https:\/\/www.aestarragona.org\/wp-content\/uploads\/2023\/05\/aest-logo-1.png","contentUrl":"https:\/\/www.aestarragona.org\/wp-content\/uploads\/2023\/05\/aest-logo-1.png","width":182,"height":182,"caption":"AEST - Asociaci\u00f3n de Empresas de Servicios de de Tarragona"},"image":{"@id":"https:\/\/www.aestarragona.org\/ca\/#\/schema\/logo\/image\/"},"sameAs":["https:\/\/m.facebook.com\/aestarragona","https:\/\/x.com\/AESTarragona"]}]}},"_links":{"self":[{"href":"https:\/\/www.aestarragona.org\/ca\/wp-json\/wp\/v2\/pages\/13021","targetHints":{"allow":["GET"]}}],"collection":[{"href":"https:\/\/www.aestarragona.org\/ca\/wp-json\/wp\/v2\/pages"}],"about":[{"href":"https:\/\/www.aestarragona.org\/ca\/wp-json\/wp\/v2\/types\/page"}],"author":[{"embeddable":true,"href":"https:\/\/www.aestarragona.org\/ca\/wp-json\/wp\/v2\/users\/1"}],"replies":[{"embeddable":true,"href":"https:\/\/www.aestarragona.org\/ca\/wp-json\/wp\/v2\/comments?post=13021"}],"version-history":[{"count":1,"href":"https:\/\/www.aestarragona.org\/ca\/wp-json\/wp\/v2\/pages\/13021\/revisions"}],"predecessor-version":[{"id":13022,"href":"https:\/\/www.aestarragona.org\/ca\/wp-json\/wp\/v2\/pages\/13021\/revisions\/13022"}],"wp:attachment":[{"href":"https:\/\/www.aestarragona.org\/ca\/wp-json\/wp\/v2\/media?parent=13021"}],"curies":[{"name":"wp","href":"https:\/\/api.w.org\/{rel}","templated":true}]}}