{"id":13025,"date":"2023-05-15T12:45:12","date_gmt":"2023-05-15T10:45:12","guid":{"rendered":"https:\/\/www.aestarragona.org\/convenios-focus\/"},"modified":"2023-10-09T11:40:09","modified_gmt":"2023-10-09T09:40:09","slug":"convenios-focus","status":"publish","type":"page","link":"https:\/\/www.aestarragona.org\/ca\/convenios-focus\/","title":{"rendered":"Convenios \/ Focus"},"content":{"rendered":"\t\t<div data-elementor-type=\"wp-page\" data-elementor-id=\"13025\" class=\"elementor elementor-13025 elementor-10422\">\n\t\t\t\t\t\t<section class=\"elementor-section elementor-top-section elementor-element elementor-element-ab599a8 elementor-section-height-min-height elementor-section-stretched elementor-section-boxed elementor-section-height-default elementor-section-items-middle qodef-elementor-content-no\" data-id=\"ab599a8\" data-element_type=\"section\" data-e-type=\"section\" data-settings=\"{&quot;stretch_section&quot;:&quot;section-stretched&quot;,&quot;background_background&quot;:&quot;slideshow&quot;,&quot;background_slideshow_gallery&quot;:[{&quot;id&quot;:10363,&quot;url&quot;:&quot;https:\\\/\\\/www.aestarragona.org\\\/wp-content\\\/uploads\\\/2023\\\/05\\\/hero-quisom.jpg&quot;}],&quot;background_slideshow_loop&quot;:&quot;yes&quot;,&quot;background_slideshow_slide_duration&quot;:5000,&quot;background_slideshow_slide_transition&quot;:&quot;fade&quot;,&quot;background_slideshow_transition_duration&quot;:500}\">\n\t\t\t\t\t\t<div class=\"elementor-container elementor-column-gap-default\">\n\t\t\t\t\t<div class=\"elementor-column elementor-col-100 elementor-top-column elementor-element elementor-element-3ec519b\" data-id=\"3ec519b\" data-element_type=\"column\" data-e-type=\"column\">\n\t\t\t<div class=\"elementor-widget-wrap elementor-element-populated\">\n\t\t\t\t\t\t<div class=\"elementor-element elementor-element-80b38a2 elementor-widget elementor-widget-heading\" data-id=\"80b38a2\" data-element_type=\"widget\" data-e-type=\"widget\" data-widget_type=\"heading.default\">\n\t\t\t\t<div class=\"elementor-widget-container\">\n\t\t\t\t\t<h1 class=\"elementor-heading-title elementor-size-default\">Convenios \/ The Focus<\/h1>\t\t\t\t<\/div>\n\t\t\t\t<\/div>\n\t\t\t\t\t<\/div>\n\t\t<\/div>\n\t\t\t\t\t<\/div>\n\t\t<\/section>\n\t\t\t\t<section class=\"elementor-section elementor-top-section elementor-element elementor-element-a6a6ed5 elementor-section-full_width elementor-section-height-default elementor-section-height-default qodef-elementor-content-no\" data-id=\"a6a6ed5\" data-element_type=\"section\" data-e-type=\"section\">\n\t\t\t\t\t\t<div class=\"elementor-container elementor-column-gap-default\">\n\t\t\t\t\t<div class=\"elementor-column elementor-col-100 elementor-top-column elementor-element elementor-element-49ee24c\" data-id=\"49ee24c\" data-element_type=\"column\" data-e-type=\"column\">\n\t\t\t<div class=\"elementor-widget-wrap elementor-element-populated\">\n\t\t\t\t\t\t<div class=\"elementor-element elementor-element-d6dd0e7 elementor-widget elementor-widget-image\" data-id=\"d6dd0e7\" data-element_type=\"widget\" data-e-type=\"widget\" data-widget_type=\"image.default\">\n\t\t\t\t<div class=\"elementor-widget-container\">\n\t\t\t\t\t\t\t\t\t\t\t\t\t\t\t<img fetchpriority=\"high\" decoding=\"async\" width=\"300\" height=\"186\" src=\"https:\/\/www.aestarragona.org\/wp-content\/uploads\/2023\/05\/thefocus-logo-300x186.png\" class=\"attachment-medium size-medium wp-image-12867\" alt=\"\" srcset=\"https:\/\/www.aestarragona.org\/wp-content\/uploads\/2023\/05\/thefocus-logo-300x186.png 300w, https:\/\/www.aestarragona.org\/wp-content\/uploads\/2023\/05\/thefocus-logo.png 528w\" sizes=\"(max-width: 300px) 100vw, 300px\" \/>\t\t\t\t\t\t\t\t\t\t\t\t\t\t\t<\/div>\n\t\t\t\t<\/div>\n\t\t\t\t\t<\/div>\n\t\t<\/div>\n\t\t\t\t\t<\/div>\n\t\t<\/section>\n\t\t\t\t<section class=\"elementor-section elementor-top-section elementor-element elementor-element-7e8c040 elementor-section-full_width elementor-section-height-default elementor-section-height-default qodef-elementor-content-no\" data-id=\"7e8c040\" data-element_type=\"section\" data-e-type=\"section\">\n\t\t\t\t\t\t<div class=\"elementor-container elementor-column-gap-default\">\n\t\t\t\t\t<div class=\"elementor-column elementor-col-66 elementor-top-column elementor-element elementor-element-832ab2a\" data-id=\"832ab2a\" data-element_type=\"column\" data-e-type=\"column\">\n\t\t\t<div class=\"elementor-widget-wrap elementor-element-populated\">\n\t\t\t\t\t\t<div class=\"elementor-element elementor-element-970ae0d elementor-widget elementor-widget-text-editor\" data-id=\"970ae0d\" data-element_type=\"widget\" data-e-type=\"widget\" data-widget_type=\"text-editor.default\">\n\t\t\t\t<div class=\"elementor-widget-container\">\n\t\t\t\t\t\t\t\t\t<p>Con la finalidad de promover la cultura preventiva entre nuestros asociados, la AEST ha firmado un convenio de colaboraci\u00f3n con la empresa The Focus con el objetivo de buscar la excelencia en el \u00e1rea de la Coordinaci\u00f3n de Actividades Empresariales y el proceso de calificaci\u00f3n de Empresas de Servicios. Desde el a\u00f1o 2007 la AEST impulsa en colaboraci\u00f3n con la AEQT el desarrollo del sistema de calificaci\u00f3n, identificando el promedio de puntuaciones, as\u00ed como su tendencia. A pesar de que durante el proceso de implantaci\u00f3n y en los primeros a\u00f1os de vida del proyecto, se ha identificado una mejora considerable, todav\u00eda hay un n\u00famero importante de empresas con oportunidad de mejora. Por esta raz\u00f3n el convenio de colaboraci\u00f3n tiene el siguiente objetivo:<br \/>&#8211; La elaboraci\u00f3n de un informe que permitir\u00e1 identificar acciones y\/o propuestas con un denominador com\u00fan y que pueden servir a la AEST para desarrollar proyectos de inter\u00e9s para los asociados.<br \/>&#8211; Asesoramiento y servicios de consultor\u00eda en materia preventiva en condiciones preferentes para los asociados, con el objetivo de aumentar su puntuaci\u00f3n en el sistema de calificaci\u00f3n en seguridad y la gesti\u00f3n de sus procesos y actividades asociadas.<br \/>Con este acuerdo, la AEST da un nuevo paso con el objetivo de potenciar y consolidar la seguridad de las actividades y servicios que realizamos a trav\u00e9s de nuestros asociados.<\/p>\n\t\t\t\t\t\t\t\t<\/div>\n\t\t\t\t<\/div>\n\t\t\t\t\t<\/div>\n\t\t<\/div>\n\t\t\t\t<div class=\"elementor-column elementor-col-33 elementor-top-column elementor-element elementor-element-cb6437b\" data-id=\"cb6437b\" data-element_type=\"column\" data-e-type=\"column\">\n\t\t\t<div class=\"elementor-widget-wrap elementor-element-populated\">\n\t\t\t\t\t\t<section class=\"elementor-section elementor-inner-section elementor-element elementor-element-e488237 elementor-section-boxed elementor-section-height-default elementor-section-height-default qodef-elementor-content-no\" data-id=\"e488237\" data-element_type=\"section\" data-e-type=\"section\" data-settings=\"{&quot;background_background&quot;:&quot;classic&quot;}\">\n\t\t\t\t\t\t<div class=\"elementor-container elementor-column-gap-default\">\n\t\t\t\t\t<div class=\"elementor-column elementor-col-100 elementor-inner-column elementor-element elementor-element-67dd729\" data-id=\"67dd729\" data-element_type=\"column\" data-e-type=\"column\" data-settings=\"{&quot;background_background&quot;:&quot;classic&quot;}\">\n\t\t\t<div class=\"elementor-widget-wrap elementor-element-populated\">\n\t\t\t\t\t\t<div class=\"elementor-element elementor-element-1ee1013 elementor-widget elementor-widget-heading\" data-id=\"1ee1013\" data-element_type=\"widget\" data-e-type=\"widget\" data-widget_type=\"heading.default\">\n\t\t\t\t<div class=\"elementor-widget-container\">\n\t\t\t\t\t<h3 class=\"elementor-heading-title elementor-size-default\">Contacta<\/h3>\t\t\t\t<\/div>\n\t\t\t\t<\/div>\n\t\t\t\t<div class=\"elementor-element elementor-element-ddbd434 elementor-align-left elementor-widget elementor-widget-button\" data-id=\"ddbd434\" data-element_type=\"widget\" data-e-type=\"widget\" data-widget_type=\"button.default\">\n\t\t\t\t<div class=\"elementor-widget-container\">\n\t\t\t\t\t\t\t\t\t<div class=\"elementor-button-wrapper\">\n\t\t\t\t\t<a class=\"elementor-button elementor-button-link elementor-size-sm\" href=\"http:\/\/www.the-focus.es\">\n\t\t\t\t\t\t<span class=\"elementor-button-content-wrapper\">\n\t\t\t\t\t\t\t\t\t<span class=\"elementor-button-text\">www.the-focus.es<\/span>\n\t\t\t\t\t<\/span>\n\t\t\t\t\t<\/a>\n\t\t\t\t<\/div>\n\t\t\t\t\t\t\t\t<\/div>\n\t\t\t\t<\/div>\n\t\t\t\t\t<\/div>\n\t\t<\/div>\n\t\t\t\t\t<\/div>\n\t\t<\/section>\n\t\t\t\t\t<\/div>\n\t\t<\/div>\n\t\t\t\t\t<\/div>\n\t\t<\/section>\n\t\t\t\t<section class=\"elementor-section elementor-top-section elementor-element elementor-element-fd7776f elementor-section-full_width elementor-section-height-default elementor-section-height-default qodef-elementor-content-no\" data-id=\"fd7776f\" data-element_type=\"section\" data-e-type=\"section\">\n\t\t\t\t\t\t<div class=\"elementor-container elementor-column-gap-default\">\n\t\t\t\t\t<div class=\"elementor-column elementor-col-100 elementor-top-column elementor-element elementor-element-2fc6458\" data-id=\"2fc6458\" data-element_type=\"column\" data-e-type=\"column\">\n\t\t\t<div class=\"elementor-widget-wrap elementor-element-populated\">\n\t\t\t\t\t\t<div class=\"elementor-element elementor-element-ce85063 elementor-pagination-position-outside elementor-widget elementor-widget-image-carousel\" data-id=\"ce85063\" data-element_type=\"widget\" data-e-type=\"widget\" data-settings=\"{&quot;slides_to_show&quot;:&quot;6&quot;,&quot;slides_to_show_mobile&quot;:&quot;1&quot;,&quot;navigation&quot;:&quot;dots&quot;,&quot;image_spacing_custom&quot;:{&quot;unit&quot;:&quot;px&quot;,&quot;size&quot;:52,&quot;sizes&quot;:[]},&quot;autoplay&quot;:&quot;yes&quot;,&quot;pause_on_hover&quot;:&quot;yes&quot;,&quot;pause_on_interaction&quot;:&quot;yes&quot;,&quot;autoplay_speed&quot;:5000,&quot;infinite&quot;:&quot;yes&quot;,&quot;speed&quot;:500,&quot;image_spacing_custom_tablet&quot;:{&quot;unit&quot;:&quot;px&quot;,&quot;size&quot;:&quot;&quot;,&quot;sizes&quot;:[]}}\" data-widget_type=\"image-carousel.default\">\n\t\t\t\t<div class=\"elementor-widget-container\">\n\t\t\t\t\t\t\t<div class=\"elementor-image-carousel-wrapper swiper\" role=\"region\" aria-roledescription=\"carousel\" aria-label=\"Image Carousel\" dir=\"ltr\">\n\t\t\t<div class=\"elementor-image-carousel swiper-wrapper\" aria-live=\"off\">\n\t\t\t\t\t\t\t\t<div class=\"swiper-slide\" role=\"group\" aria-roledescription=\"slide\" aria-label=\"1 of 11\"><figure class=\"swiper-slide-inner\"><img decoding=\"async\" class=\"swiper-slide-image\" src=\"https:\/\/www.aestarragona.org\/wp-content\/uploads\/2023\/05\/image-1.png\" alt=\"image (1)\" \/><\/figure><\/div><div class=\"swiper-slide\" role=\"group\" aria-roledescription=\"slide\" aria-label=\"2 of 11\"><figure class=\"swiper-slide-inner\"><img decoding=\"async\" class=\"swiper-slide-image\" src=\"https:\/\/www.aestarragona.org\/wp-content\/uploads\/2023\/05\/image-2.png\" alt=\"image (2)\" \/><\/figure><\/div><div class=\"swiper-slide\" role=\"group\" aria-roledescription=\"slide\" aria-label=\"3 of 11\"><figure class=\"swiper-slide-inner\"><img decoding=\"async\" class=\"swiper-slide-image\" src=\"https:\/\/www.aestarragona.org\/wp-content\/uploads\/2023\/05\/image-3.png\" alt=\"image (3)\" \/><\/figure><\/div><div class=\"swiper-slide\" role=\"group\" aria-roledescription=\"slide\" aria-label=\"4 of 11\"><figure class=\"swiper-slide-inner\"><img decoding=\"async\" class=\"swiper-slide-image\" src=\"https:\/\/www.aestarragona.org\/wp-content\/uploads\/2023\/05\/image-4.png\" alt=\"image (4)\" \/><\/figure><\/div><div class=\"swiper-slide\" role=\"group\" aria-roledescription=\"slide\" aria-label=\"5 of 11\"><figure class=\"swiper-slide-inner\"><img decoding=\"async\" class=\"swiper-slide-image\" src=\"https:\/\/www.aestarragona.org\/wp-content\/uploads\/2023\/05\/image-5.png\" alt=\"image (5)\" \/><\/figure><\/div><div class=\"swiper-slide\" role=\"group\" aria-roledescription=\"slide\" aria-label=\"6 of 11\"><figure class=\"swiper-slide-inner\"><img decoding=\"async\" class=\"swiper-slide-image\" src=\"https:\/\/www.aestarragona.org\/wp-content\/uploads\/2023\/05\/image-6.png\" alt=\"image (6)\" \/><\/figure><\/div><div class=\"swiper-slide\" role=\"group\" aria-roledescription=\"slide\" aria-label=\"7 of 11\"><figure class=\"swiper-slide-inner\"><img decoding=\"async\" class=\"swiper-slide-image\" src=\"https:\/\/www.aestarragona.org\/wp-content\/uploads\/2023\/05\/image-7.png\" alt=\"image (7)\" \/><\/figure><\/div><div class=\"swiper-slide\" role=\"group\" aria-roledescription=\"slide\" aria-label=\"8 of 11\"><figure class=\"swiper-slide-inner\"><img decoding=\"async\" class=\"swiper-slide-image\" src=\"https:\/\/www.aestarragona.org\/wp-content\/uploads\/2023\/05\/image-8.png\" alt=\"image (8)\" \/><\/figure><\/div><div class=\"swiper-slide\" role=\"group\" aria-roledescription=\"slide\" aria-label=\"9 of 11\"><figure class=\"swiper-slide-inner\"><img decoding=\"async\" class=\"swiper-slide-image\" src=\"https:\/\/www.aestarragona.org\/wp-content\/uploads\/2023\/05\/image-9.png\" alt=\"image (9)\" \/><\/figure><\/div><div class=\"swiper-slide\" role=\"group\" aria-roledescription=\"slide\" aria-label=\"10 of 11\"><figure class=\"swiper-slide-inner\"><img decoding=\"async\" class=\"swiper-slide-image\" src=\"https:\/\/www.aestarragona.org\/wp-content\/uploads\/2023\/05\/image-10.png\" alt=\"image (10)\" \/><\/figure><\/div><div class=\"swiper-slide\" role=\"group\" aria-roledescription=\"slide\" aria-label=\"11 of 11\"><figure class=\"swiper-slide-inner\"><img decoding=\"async\" class=\"swiper-slide-image\" src=\"https:\/\/www.aestarragona.org\/wp-content\/uploads\/2023\/05\/image.png\" alt=\"image\" \/><\/figure><\/div>\t\t\t<\/div>\n\t\t\t\t\t\t\t\n\t\t\t\t\t\t\t\t\t<div class=\"swiper-pagination\"><\/div>\n\t\t\t\t\t\t\t\t\t<\/div>\n\t\t\t\t\t\t<\/div>\n\t\t\t\t<\/div>\n\t\t\t\t\t<\/div>\n\t\t<\/div>\n\t\t\t\t\t<\/div>\n\t\t<\/section>\n\t\t\t\t<\/div>\n\t\t","protected":false},"excerpt":{"rendered":"<p>Convenios \/ The Focus Con la finalidad de promover la cultura preventiva entre nuestros asociados, la AEST ha firmado un convenio de colaboraci\u00f3n con la empresa The Focus con el objetivo de buscar la excelencia en el \u00e1rea de la Coordinaci\u00f3n de Actividades Empresariales y el proceso de calificaci\u00f3n de Empresas de Servicios. Desde el a\u00f1o 2007 la AEST impulsa en colaboraci\u00f3n con la AEQT [&hellip;]<\/p>\n","protected":false},"author":1,"featured_media":0,"parent":0,"menu_order":0,"comment_status":"closed","ping_status":"closed","template":"","meta":{"_acf_changed":false,"footnotes":""},"class_list":["post-13025","page","type-page","status-publish","hentry"],"acf":[],"yoast_head":"<!-- This site is optimized with the Yoast SEO plugin v27.6 - https:\/\/yoast.com\/product\/yoast-seo-wordpress\/ -->\n<title>Convenios \/ Focus - AEST<\/title>\n<meta name=\"robots\" content=\"index, follow, max-snippet:-1, max-image-preview:large, max-video-preview:-1\" \/>\n<link rel=\"canonical\" href=\"https:\/\/www.aestarragona.org\/ca\/convenios-focus\/\" \/>\n<meta property=\"og:locale\" content=\"ca_ES\" \/>\n<meta property=\"og:type\" content=\"article\" \/>\n<meta property=\"og:title\" content=\"Convenios \/ Focus - AEST\" \/>\n<meta property=\"og:description\" content=\"Convenios \/ The Focus Con la finalidad de promover la cultura preventiva entre nuestros asociados, la AEST ha firmado un convenio de colaboraci\u00f3n con la empresa The Focus con el objetivo de buscar la excelencia en el \u00e1rea de la Coordinaci\u00f3n de Actividades Empresariales y el proceso de calificaci\u00f3n de Empresas de Servicios. Desde el a\u00f1o 2007 la AEST impulsa en colaboraci\u00f3n con la AEQT [&hellip;]\" \/>\n<meta property=\"og:url\" content=\"https:\/\/www.aestarragona.org\/ca\/convenios-focus\/\" \/>\n<meta property=\"og:site_name\" content=\"AEST\" \/>\n<meta property=\"article:publisher\" content=\"https:\/\/m.facebook.com\/aestarragona\" \/>\n<meta property=\"article:modified_time\" content=\"2023-10-09T09:40:09+00:00\" \/>\n<meta property=\"og:image\" content=\"https:\/\/www.aestarragona.org\/wp-content\/uploads\/2023\/05\/thefocus-logo-300x186.png\" \/>\n<meta name=\"twitter:card\" content=\"summary_large_image\" \/>\n<meta name=\"twitter:site\" content=\"@AESTarragona\" \/>\n<meta name=\"twitter:label1\" content=\"Est. reading time\" \/>\n\t<meta name=\"twitter:data1\" content=\"1 minut\" \/>\n<script type=\"application\/ld+json\" class=\"yoast-schema-graph\">{\"@context\":\"https:\\\/\\\/schema.org\",\"@graph\":[{\"@type\":\"WebPage\",\"@id\":\"https:\\\/\\\/www.aestarragona.org\\\/ca\\\/convenios-focus\\\/\",\"url\":\"https:\\\/\\\/www.aestarragona.org\\\/ca\\\/convenios-focus\\\/\",\"name\":\"Convenios \\\/ Focus - AEST\",\"isPartOf\":{\"@id\":\"https:\\\/\\\/www.aestarragona.org\\\/ca\\\/#website\"},\"primaryImageOfPage\":{\"@id\":\"https:\\\/\\\/www.aestarragona.org\\\/ca\\\/convenios-focus\\\/#primaryimage\"},\"image\":{\"@id\":\"https:\\\/\\\/www.aestarragona.org\\\/ca\\\/convenios-focus\\\/#primaryimage\"},\"thumbnailUrl\":\"https:\\\/\\\/www.aestarragona.org\\\/wp-content\\\/uploads\\\/2023\\\/05\\\/thefocus-logo-300x186.png\",\"datePublished\":\"2023-05-15T10:45:12+00:00\",\"dateModified\":\"2023-10-09T09:40:09+00:00\",\"breadcrumb\":{\"@id\":\"https:\\\/\\\/www.aestarragona.org\\\/ca\\\/convenios-focus\\\/#breadcrumb\"},\"inLanguage\":\"ca\",\"potentialAction\":[{\"@type\":\"ReadAction\",\"target\":[\"https:\\\/\\\/www.aestarragona.org\\\/ca\\\/convenios-focus\\\/\"]}]},{\"@type\":\"ImageObject\",\"inLanguage\":\"ca\",\"@id\":\"https:\\\/\\\/www.aestarragona.org\\\/ca\\\/convenios-focus\\\/#primaryimage\",\"url\":\"https:\\\/\\\/www.aestarragona.org\\\/wp-content\\\/uploads\\\/2023\\\/05\\\/thefocus-logo-300x186.png\",\"contentUrl\":\"https:\\\/\\\/www.aestarragona.org\\\/wp-content\\\/uploads\\\/2023\\\/05\\\/thefocus-logo-300x186.png\"},{\"@type\":\"BreadcrumbList\",\"@id\":\"https:\\\/\\\/www.aestarragona.org\\\/ca\\\/convenios-focus\\\/#breadcrumb\",\"itemListElement\":[{\"@type\":\"ListItem\",\"position\":1,\"name\":\"Portada\",\"item\":\"https:\\\/\\\/www.aestarragona.org\\\/ca\\\/\"},{\"@type\":\"ListItem\",\"position\":2,\"name\":\"Convenios \\\/ Focus\"}]},{\"@type\":\"WebSite\",\"@id\":\"https:\\\/\\\/www.aestarragona.org\\\/ca\\\/#website\",\"url\":\"https:\\\/\\\/www.aestarragona.org\\\/ca\\\/\",\"name\":\"AEST - La Asociaci\u00f3n de Empresas de Servicios de de Tarragona\",\"description\":\"La Asociaci\u00f3n de Empresas de Servicios de Tarragona\",\"publisher\":{\"@id\":\"https:\\\/\\\/www.aestarragona.org\\\/ca\\\/#organization\"},\"potentialAction\":[{\"@type\":\"SearchAction\",\"target\":{\"@type\":\"EntryPoint\",\"urlTemplate\":\"https:\\\/\\\/www.aestarragona.org\\\/ca\\\/?s={search_term_string}\"},\"query-input\":{\"@type\":\"PropertyValueSpecification\",\"valueRequired\":true,\"valueName\":\"search_term_string\"}}],\"inLanguage\":\"ca\"},{\"@type\":\"Organization\",\"@id\":\"https:\\\/\\\/www.aestarragona.org\\\/ca\\\/#organization\",\"name\":\"AEST - Asociaci\u00f3n de Empresas de Servicios de de Tarragona\",\"url\":\"https:\\\/\\\/www.aestarragona.org\\\/ca\\\/\",\"logo\":{\"@type\":\"ImageObject\",\"inLanguage\":\"ca\",\"@id\":\"https:\\\/\\\/www.aestarragona.org\\\/ca\\\/#\\\/schema\\\/logo\\\/image\\\/\",\"url\":\"https:\\\/\\\/www.aestarragona.org\\\/wp-content\\\/uploads\\\/2023\\\/05\\\/aest-logo-1.png\",\"contentUrl\":\"https:\\\/\\\/www.aestarragona.org\\\/wp-content\\\/uploads\\\/2023\\\/05\\\/aest-logo-1.png\",\"width\":182,\"height\":182,\"caption\":\"AEST - Asociaci\u00f3n de Empresas de Servicios de de Tarragona\"},\"image\":{\"@id\":\"https:\\\/\\\/www.aestarragona.org\\\/ca\\\/#\\\/schema\\\/logo\\\/image\\\/\"},\"sameAs\":[\"https:\\\/\\\/m.facebook.com\\\/aestarragona\",\"https:\\\/\\\/x.com\\\/AESTarragona\"]}]}<\/script>\n<!-- \/ Yoast SEO plugin. -->","yoast_head_json":{"title":"Convenios \/ Focus - AEST","robots":{"index":"index","follow":"follow","max-snippet":"max-snippet:-1","max-image-preview":"max-image-preview:large","max-video-preview":"max-video-preview:-1"},"canonical":"https:\/\/www.aestarragona.org\/ca\/convenios-focus\/","og_locale":"ca_ES","og_type":"article","og_title":"Convenios \/ Focus - AEST","og_description":"Convenios \/ The Focus Con la finalidad de promover la cultura preventiva entre nuestros asociados, la AEST ha firmado un convenio de colaboraci\u00f3n con la empresa The Focus con el objetivo de buscar la excelencia en el \u00e1rea de la Coordinaci\u00f3n de Actividades Empresariales y el proceso de calificaci\u00f3n de Empresas de Servicios. Desde el a\u00f1o 2007 la AEST impulsa en colaboraci\u00f3n con la AEQT [&hellip;]","og_url":"https:\/\/www.aestarragona.org\/ca\/convenios-focus\/","og_site_name":"AEST","article_publisher":"https:\/\/m.facebook.com\/aestarragona","article_modified_time":"2023-10-09T09:40:09+00:00","og_image":[{"url":"https:\/\/www.aestarragona.org\/wp-content\/uploads\/2023\/05\/thefocus-logo-300x186.png","type":"","width":"","height":""}],"twitter_card":"summary_large_image","twitter_site":"@AESTarragona","twitter_misc":{"Est. reading time":"1 minut"},"schema":{"@context":"https:\/\/schema.org","@graph":[{"@type":"WebPage","@id":"https:\/\/www.aestarragona.org\/ca\/convenios-focus\/","url":"https:\/\/www.aestarragona.org\/ca\/convenios-focus\/","name":"Convenios \/ Focus - AEST","isPartOf":{"@id":"https:\/\/www.aestarragona.org\/ca\/#website"},"primaryImageOfPage":{"@id":"https:\/\/www.aestarragona.org\/ca\/convenios-focus\/#primaryimage"},"image":{"@id":"https:\/\/www.aestarragona.org\/ca\/convenios-focus\/#primaryimage"},"thumbnailUrl":"https:\/\/www.aestarragona.org\/wp-content\/uploads\/2023\/05\/thefocus-logo-300x186.png","datePublished":"2023-05-15T10:45:12+00:00","dateModified":"2023-10-09T09:40:09+00:00","breadcrumb":{"@id":"https:\/\/www.aestarragona.org\/ca\/convenios-focus\/#breadcrumb"},"inLanguage":"ca","potentialAction":[{"@type":"ReadAction","target":["https:\/\/www.aestarragona.org\/ca\/convenios-focus\/"]}]},{"@type":"ImageObject","inLanguage":"ca","@id":"https:\/\/www.aestarragona.org\/ca\/convenios-focus\/#primaryimage","url":"https:\/\/www.aestarragona.org\/wp-content\/uploads\/2023\/05\/thefocus-logo-300x186.png","contentUrl":"https:\/\/www.aestarragona.org\/wp-content\/uploads\/2023\/05\/thefocus-logo-300x186.png"},{"@type":"BreadcrumbList","@id":"https:\/\/www.aestarragona.org\/ca\/convenios-focus\/#breadcrumb","itemListElement":[{"@type":"ListItem","position":1,"name":"Portada","item":"https:\/\/www.aestarragona.org\/ca\/"},{"@type":"ListItem","position":2,"name":"Convenios \/ Focus"}]},{"@type":"WebSite","@id":"https:\/\/www.aestarragona.org\/ca\/#website","url":"https:\/\/www.aestarragona.org\/ca\/","name":"AEST - La Asociaci\u00f3n de Empresas de Servicios de de Tarragona","description":"La Asociaci\u00f3n de Empresas de Servicios de Tarragona","publisher":{"@id":"https:\/\/www.aestarragona.org\/ca\/#organization"},"potentialAction":[{"@type":"SearchAction","target":{"@type":"EntryPoint","urlTemplate":"https:\/\/www.aestarragona.org\/ca\/?s={search_term_string}"},"query-input":{"@type":"PropertyValueSpecification","valueRequired":true,"valueName":"search_term_string"}}],"inLanguage":"ca"},{"@type":"Organization","@id":"https:\/\/www.aestarragona.org\/ca\/#organization","name":"AEST - Asociaci\u00f3n de Empresas de Servicios de de Tarragona","url":"https:\/\/www.aestarragona.org\/ca\/","logo":{"@type":"ImageObject","inLanguage":"ca","@id":"https:\/\/www.aestarragona.org\/ca\/#\/schema\/logo\/image\/","url":"https:\/\/www.aestarragona.org\/wp-content\/uploads\/2023\/05\/aest-logo-1.png","contentUrl":"https:\/\/www.aestarragona.org\/wp-content\/uploads\/2023\/05\/aest-logo-1.png","width":182,"height":182,"caption":"AEST - Asociaci\u00f3n de Empresas de Servicios de de Tarragona"},"image":{"@id":"https:\/\/www.aestarragona.org\/ca\/#\/schema\/logo\/image\/"},"sameAs":["https:\/\/m.facebook.com\/aestarragona","https:\/\/x.com\/AESTarragona"]}]}},"_links":{"self":[{"href":"https:\/\/www.aestarragona.org\/ca\/wp-json\/wp\/v2\/pages\/13025","targetHints":{"allow":["GET"]}}],"collection":[{"href":"https:\/\/www.aestarragona.org\/ca\/wp-json\/wp\/v2\/pages"}],"about":[{"href":"https:\/\/www.aestarragona.org\/ca\/wp-json\/wp\/v2\/types\/page"}],"author":[{"embeddable":true,"href":"https:\/\/www.aestarragona.org\/ca\/wp-json\/wp\/v2\/users\/1"}],"replies":[{"embeddable":true,"href":"https:\/\/www.aestarragona.org\/ca\/wp-json\/wp\/v2\/comments?post=13025"}],"version-history":[{"count":1,"href":"https:\/\/www.aestarragona.org\/ca\/wp-json\/wp\/v2\/pages\/13025\/revisions"}],"predecessor-version":[{"id":13026,"href":"https:\/\/www.aestarragona.org\/ca\/wp-json\/wp\/v2\/pages\/13025\/revisions\/13026"}],"wp:attachment":[{"href":"https:\/\/www.aestarragona.org\/ca\/wp-json\/wp\/v2\/media?parent=13025"}],"curies":[{"name":"wp","href":"https:\/\/api.w.org\/{rel}","templated":true}]}}