{"id":13039,"date":"2023-05-16T17:36:59","date_gmt":"2023-05-16T15:36:59","guid":{"rendered":"https:\/\/www.aestarragona.org\/politica-de-cookies\/"},"modified":"2023-10-09T11:43:44","modified_gmt":"2023-10-09T09:43:44","slug":"politica-de-cookies","status":"publish","type":"page","link":"https:\/\/www.aestarragona.org\/ca\/politica-de-cookies\/","title":{"rendered":"Pol\u00edtica de cookies"},"content":{"rendered":"\t\t<div data-elementor-type=\"wp-page\" data-elementor-id=\"13039\" class=\"elementor elementor-13039 elementor-10674\">\n\t\t\t\t\t\t<section class=\"elementor-section elementor-top-section elementor-element elementor-element-aaeca2e elementor-section-full_width elementor-section-height-default elementor-section-height-default qodef-elementor-content-no\" data-id=\"aaeca2e\" data-element_type=\"section\" data-e-type=\"section\">\n\t\t\t\t\t\t<div class=\"elementor-container elementor-column-gap-default\">\n\t\t\t\t\t<div class=\"elementor-column elementor-col-66 elementor-top-column elementor-element elementor-element-ab236fc\" data-id=\"ab236fc\" data-element_type=\"column\" data-e-type=\"column\">\n\t\t\t<div class=\"elementor-widget-wrap elementor-element-populated\">\n\t\t\t\t\t\t<div class=\"elementor-element elementor-element-47f4305 elementor-widget elementor-widget-heading\" data-id=\"47f4305\" data-element_type=\"widget\" data-e-type=\"widget\" data-widget_type=\"heading.default\">\n\t\t\t\t<div class=\"elementor-widget-container\">\n\t\t\t\t\t<h2 class=\"elementor-heading-title elementor-size-default\">Pol\u00edtica de cookies<\/h2>\t\t\t\t<\/div>\n\t\t\t\t<\/div>\n\t\t\t\t<div class=\"elementor-element elementor-element-9e919e4 elementor-widget elementor-widget-text-editor\" data-id=\"9e919e4\" data-element_type=\"widget\" data-e-type=\"widget\" data-widget_type=\"text-editor.default\">\n\t\t\t\t<div class=\"elementor-widget-container\">\n\t\t\t\t\t\t\t\t\t<div class=\"p-rich_text_section\">\n<p>Les informamos que para un correcto funcionamiento de la web&nbsp;<a class=\"c-link\" tabindex=\"-1\" href=\"http:\/\/www.aestarragona.org\/\" target=\"_blank\" rel=\"noopener noreferrer\" data-stringify-link=\"http:\/\/www.aestarragona.org\/\" data-sk=\"tooltip_parent\" data-remove-tab-index=\"true\">http:\/\/www.aestarragona.org\/<\/a>, el sistema de navegaci\u00f3n utiliza algunos datos de navegaci\u00f3n (\u201cCookies\u201d) para poder ofrecer un servicio m\u00e1s personalizado a los usuarios de la web.<\/p><p><br>Las \u201cCookies\u201d son peque\u00f1os archivos de texto que el navegador guarda cuando se navega por p\u00e1ginas web y aplicaciones. Se puede obtener la informaci\u00f3n de la direcci\u00f3n IP que utiliza el ordenador para conectarse a la p\u00e1gina web, la direcci\u00f3n URL de la p\u00e1gina web solicitada, la hora de la conexi\u00f3n y otros par\u00e1metros relativos al sistema operativo del entorno inform\u00e1tico del usuario. Esta informaci\u00f3n tan solo se recoge para identificar la sesi\u00f3n con el objetivo de facilitar el an\u00e1lisis de la p\u00e1gina web.<br>ASSOCIACI\u00d3 EMPRESES DE SERVEIS DE TARRAGONA en su web utiliza \u201ccookies\u201d de terceros; y en concreto de Google Analytics; que es un servicio de estad\u00edsticas de p\u00e1ginas web que ofrece Google, Inc. Google Analytics recoge informaci\u00f3n del equipo del usuario, en concreto la ip de acceso, para obtener informes sobre la actividad de la aplicaci\u00f3n; guardando la informaci\u00f3n almacenada en servidores de los Estados Unidos.<\/p>\n<p>En todo caso, en el supuesto que se capten datos de car\u00e1cter personal- en este caso tan s\u00f3lo la Ip de acceso; en virtud de la normativa de Protecci\u00f3n de Datos de Car\u00e1cter Personal, por la presente autoriza a que los datos personales facilitados sean incorporados en el fichero Marketing responsabilidad de ASSOCIACI\u00d3 EMPRESES DE SERVEIS DE TARRAGONA con domicilio en Avinguda Pau Casals 17, 43003 Tarragona (TARRAGONA).<\/p>\n<p>La finalidad de este tratamiento es la de gestionar la informaci\u00f3n que se capta a trav\u00e9s de las cookies. Estos datos ser\u00e1n transmitidos por las empresas gestoras de las cookies y ser\u00e1n conservados de acuerdo a los par\u00e1metros de estas entidades.<\/p>\n<\/div>\n<div class=\"p-rich_text_section\"><p>En cualquier caso podr\u00e1 indicar la revocaci\u00f3n del consentimiento dado, as\u00ed como ejercitar los derechos de acceso, rectificaci\u00f3n o supresi\u00f3n, la limitaci\u00f3n del tratamiento u oponer-se, as\u00ed como el derecho a la portabilidad de los datos. Estas peticiones deber\u00e1n realizarse en Avinguda Pau Casals 17, 43003 Tarragona (TARRAGONA) o&nbsp;<a class=\"c-link\" tabindex=\"-1\" href=\"mailto:info@aestarragona.org\" target=\"_blank\" rel=\"noopener noreferrer\" data-stringify-link=\"mailto:info@aestarragona.org\" data-sk=\"tooltip_parent\" aria-haspopup=\"menu\" aria-expanded=\"false\" data-remove-tab-index=\"true\">info@aestarragona.org<\/a><br>As\u00ed mismo tambi\u00e9n podr\u00e1 presentar una reclamaci\u00f3n ante la Agencia Espa\u00f1ola de Protecci\u00f3n de datos.<br>Se informa al usuario que Google podr\u00e1 transmitir esta informaci\u00f3n a terceros cuando as\u00ed lo requiera la ley, o cuando estos terceros procesen la informaci\u00f3n por cuenta de Google. Google no asociar\u00e1 la direcci\u00f3n de IP del usuario con otro dato de que dispongan, y por lo tanto lo har\u00e1n totalmente de forma anonimizada.<br>Para rehusar o eliminar esta \u201ccookie\u201d se puede consultar la siguiente direcci\u00f3n:<br><a class=\"c-link\" tabindex=\"-1\" href=\"http:\/\/www.google.com\/intl\/ca\/policies\/privacy\/\" target=\"_blank\" rel=\"noopener noreferrer\" data-stringify-link=\"http:\/\/www.google.com\/intl\/ca\/policies\/privacy\/\" data-sk=\"tooltip_parent\" data-remove-tab-index=\"true\">http:\/\/www.google.com\/intl\/ca\/policies\/privacy\/<\/a><br><a class=\"c-link\" tabindex=\"-1\" href=\"http:\/\/www.google.com\/intl\/en\/privacypolicy.html\" target=\"_blank\" rel=\"noopener noreferrer\" data-stringify-link=\"http:\/\/www.google.com\/intl\/en\/privacypolicy.html\" data-sk=\"tooltip_parent\" data-remove-tab-index=\"true\">http:\/\/www.google.com\/intl\/en\/privacypolicy.html<\/a><\/p>\n<p>Adem\u00e1s tambi\u00e9n puede deshabilitar las cookies desde el propio navegador que est\u00e1 utilizando en su propio dispositivo; siendo los pasos a seguir en los navegadores m\u00e1s utilizados:<\/p><\/div>\n<div class=\"p-rich_text_section\">&nbsp;<\/div>\n<ul class=\"p-rich_text_list p-rich_text_list__bullet\" data-stringify-type=\"unordered-list\" data-indent=\"0\" data-border=\"0\">\n<li data-stringify-indent=\"0\" data-stringify-border=\"0\">Microsoft Internet Explorer, en la opci\u00f3n de men\u00fa Herramientas \u2192 Opciones de Internet \u2192 Privacidad \u2192 Configuraci\u00f3n<\/li>\n<li data-stringify-indent=\"0\" data-stringify-border=\"0\">Firefox, en la opci\u00f3n de men\u00fa Herramientas \u2192 Opciones \u2192 Privacidad \u2192 Cookies<\/li>\n<li data-stringify-indent=\"0\" data-stringify-border=\"0\">Chrome: Configuraci\u00f3n \u2192 Mostrar opciones avanzadas \u2192 Privacidad \u2192 Configuraci\u00f3n de contenido<\/li>\n<li data-stringify-indent=\"0\" data-stringify-border=\"0\">Safari: Preferencias \u2192 Seguridad<\/li>\n<\/ul>\n<div class=\"p-rich_text_section\">Si desea m\u00e1s informaci\u00f3n sobre las cookies y su manera de deshabilitarlas seg\u00fan su sistema de navegaci\u00f3n puede consultar los siguientes links:<\/div>\n<div>&nbsp;<\/div>\n<div class=\"p-rich_text_section\"><a class=\"c-link\" tabindex=\"-1\" href=\"http:\/\/www.aboutcookies.org\/\" target=\"_blank\" rel=\"noopener noreferrer\" data-stringify-link=\"http:\/\/www.aboutcookies.org\" data-sk=\"tooltip_parent\" data-remove-tab-index=\"true\">www.aboutcookies.org<\/a>&nbsp;y&nbsp;<a class=\"c-link\" tabindex=\"-1\" href=\"http:\/\/www.aboutcookies.org\/Default.aspx?page=1\" target=\"_blank\" rel=\"noopener noreferrer\" data-stringify-link=\"http:\/\/www.aboutcookies.org\/Default.aspx?page=1\" data-sk=\"tooltip_parent\" data-remove-tab-index=\"true\">http:\/\/www.aboutcookies.org\/Default.aspx?page=1<\/a><\/div>\n<div class=\"p-rich_text_section\">En caso contrario, y habiendo informado ASSOCIACI\u00d3 D\u2019EMPRESES SERVEIS DE TARRAGONA del uso de cookies, y sin que estas hayan sido inhabilitadas implica que el usuario da su consentimiento al tratamiento de datos por Google en la forma prevista en este aviso y para las finalidades aqu\u00ed descritas.<\/div>\n<div>&nbsp;<\/div>\n<div class=\"p-rich_text_section\">En caso de duda o de cualquier comentario, se puede dirigir a ASSOCIACI\u00d3 D\u2019EMPRESES SERVEIS DE TARRAGONA a trav\u00e9s de sus medios de atenci\u00f3n al p\u00fablico o bien comunicarse con nosotros a trav\u00e9s de:&nbsp;<a class=\"c-link\" tabindex=\"-1\" href=\"mailto:info@aestarragona.org\" target=\"_blank\" rel=\"noopener noreferrer\" data-stringify-link=\"mailto:info@aestarragona.org\" data-sk=\"tooltip_parent\" aria-haspopup=\"menu\" aria-expanded=\"false\" data-remove-tab-index=\"true\">info@aestarragona.org<\/a><\/div>\t\t\t\t\t\t\t\t<\/div>\n\t\t\t\t<\/div>\n\t\t\t\t\t<\/div>\n\t\t<\/div>\n\t\t\t\t<div class=\"elementor-column elementor-col-33 elementor-top-column elementor-element elementor-element-26a62ac\" data-id=\"26a62ac\" data-element_type=\"column\" data-e-type=\"column\">\n\t\t\t<div class=\"elementor-widget-wrap\">\n\t\t\t\t\t\t\t<\/div>\n\t\t<\/div>\n\t\t\t\t\t<\/div>\n\t\t<\/section>\n\t\t\t\t<\/div>\n\t\t","protected":false},"excerpt":{"rendered":"<p>Pol\u00edtica de cookies Les informamos que para un correcto funcionamiento de la web&nbsp;http:\/\/www.aestarragona.org\/, el sistema de navegaci\u00f3n utiliza algunos datos de navegaci\u00f3n (\u201cCookies\u201d) para poder ofrecer un servicio m\u00e1s personalizado a los usuarios de la web. Las \u201cCookies\u201d son peque\u00f1os archivos de texto que el navegador guarda cuando se navega por p\u00e1ginas web y aplicaciones. Se puede obtener la informaci\u00f3n de la direcci\u00f3n IP que [&hellip;]<\/p>\n","protected":false},"author":1,"featured_media":0,"parent":0,"menu_order":0,"comment_status":"closed","ping_status":"closed","template":"","meta":{"_acf_changed":false,"footnotes":""},"class_list":["post-13039","page","type-page","status-publish","hentry"],"acf":[],"yoast_head":"<!-- This site is optimized with the Yoast SEO plugin v27.5 - https:\/\/yoast.com\/product\/yoast-seo-wordpress\/ -->\n<title>Pol\u00edtica de cookies - AEST<\/title>\n<meta name=\"robots\" content=\"index, follow, max-snippet:-1, max-image-preview:large, max-video-preview:-1\" \/>\n<link rel=\"canonical\" href=\"https:\/\/www.aestarragona.org\/ca\/politica-de-cookies\/\" \/>\n<meta property=\"og:locale\" content=\"ca_ES\" \/>\n<meta property=\"og:type\" content=\"article\" \/>\n<meta property=\"og:title\" content=\"Pol\u00edtica de cookies - AEST\" \/>\n<meta property=\"og:description\" content=\"Pol\u00edtica de cookies Les informamos que para un correcto funcionamiento de la web&nbsp;http:\/\/www.aestarragona.org\/, el sistema de navegaci\u00f3n utiliza algunos datos de navegaci\u00f3n (\u201cCookies\u201d) para poder ofrecer un servicio m\u00e1s personalizado a los usuarios de la web. Las \u201cCookies\u201d son peque\u00f1os archivos de texto que el navegador guarda cuando se navega por p\u00e1ginas web y aplicaciones. Se puede obtener la informaci\u00f3n de la direcci\u00f3n IP que [&hellip;]\" \/>\n<meta property=\"og:url\" content=\"https:\/\/www.aestarragona.org\/ca\/politica-de-cookies\/\" \/>\n<meta property=\"og:site_name\" content=\"AEST\" \/>\n<meta property=\"article:publisher\" content=\"https:\/\/m.facebook.com\/aestarragona\" \/>\n<meta property=\"article:modified_time\" content=\"2023-10-09T09:43:44+00:00\" \/>\n<meta name=\"twitter:card\" content=\"summary_large_image\" \/>\n<meta name=\"twitter:site\" content=\"@AESTarragona\" \/>\n<meta name=\"twitter:label1\" content=\"Est. reading time\" \/>\n\t<meta name=\"twitter:data1\" content=\"3 minuts\" \/>\n<script type=\"application\/ld+json\" class=\"yoast-schema-graph\">{\"@context\":\"https:\\\/\\\/schema.org\",\"@graph\":[{\"@type\":\"WebPage\",\"@id\":\"https:\\\/\\\/www.aestarragona.org\\\/ca\\\/politica-de-cookies\\\/\",\"url\":\"https:\\\/\\\/www.aestarragona.org\\\/ca\\\/politica-de-cookies\\\/\",\"name\":\"Pol\u00edtica de cookies - AEST\",\"isPartOf\":{\"@id\":\"https:\\\/\\\/www.aestarragona.org\\\/ca\\\/#website\"},\"datePublished\":\"2023-05-16T15:36:59+00:00\",\"dateModified\":\"2023-10-09T09:43:44+00:00\",\"breadcrumb\":{\"@id\":\"https:\\\/\\\/www.aestarragona.org\\\/ca\\\/politica-de-cookies\\\/#breadcrumb\"},\"inLanguage\":\"ca\",\"potentialAction\":[{\"@type\":\"ReadAction\",\"target\":[\"https:\\\/\\\/www.aestarragona.org\\\/ca\\\/politica-de-cookies\\\/\"]}]},{\"@type\":\"BreadcrumbList\",\"@id\":\"https:\\\/\\\/www.aestarragona.org\\\/ca\\\/politica-de-cookies\\\/#breadcrumb\",\"itemListElement\":[{\"@type\":\"ListItem\",\"position\":1,\"name\":\"Portada\",\"item\":\"https:\\\/\\\/www.aestarragona.org\\\/ca\\\/\"},{\"@type\":\"ListItem\",\"position\":2,\"name\":\"Pol\u00edtica de cookies\"}]},{\"@type\":\"WebSite\",\"@id\":\"https:\\\/\\\/www.aestarragona.org\\\/ca\\\/#website\",\"url\":\"https:\\\/\\\/www.aestarragona.org\\\/ca\\\/\",\"name\":\"AEST - La Asociaci\u00f3n de Empresas de Servicios de de Tarragona\",\"description\":\"La Asociaci\u00f3n de Empresas de Servicios de Tarragona\",\"publisher\":{\"@id\":\"https:\\\/\\\/www.aestarragona.org\\\/ca\\\/#organization\"},\"potentialAction\":[{\"@type\":\"SearchAction\",\"target\":{\"@type\":\"EntryPoint\",\"urlTemplate\":\"https:\\\/\\\/www.aestarragona.org\\\/ca\\\/?s={search_term_string}\"},\"query-input\":{\"@type\":\"PropertyValueSpecification\",\"valueRequired\":true,\"valueName\":\"search_term_string\"}}],\"inLanguage\":\"ca\"},{\"@type\":\"Organization\",\"@id\":\"https:\\\/\\\/www.aestarragona.org\\\/ca\\\/#organization\",\"name\":\"AEST - Asociaci\u00f3n de Empresas de Servicios de de Tarragona\",\"url\":\"https:\\\/\\\/www.aestarragona.org\\\/ca\\\/\",\"logo\":{\"@type\":\"ImageObject\",\"inLanguage\":\"ca\",\"@id\":\"https:\\\/\\\/www.aestarragona.org\\\/ca\\\/#\\\/schema\\\/logo\\\/image\\\/\",\"url\":\"https:\\\/\\\/www.aestarragona.org\\\/wp-content\\\/uploads\\\/2023\\\/05\\\/aest-logo-1.png\",\"contentUrl\":\"https:\\\/\\\/www.aestarragona.org\\\/wp-content\\\/uploads\\\/2023\\\/05\\\/aest-logo-1.png\",\"width\":182,\"height\":182,\"caption\":\"AEST - Asociaci\u00f3n de Empresas de Servicios de de Tarragona\"},\"image\":{\"@id\":\"https:\\\/\\\/www.aestarragona.org\\\/ca\\\/#\\\/schema\\\/logo\\\/image\\\/\"},\"sameAs\":[\"https:\\\/\\\/m.facebook.com\\\/aestarragona\",\"https:\\\/\\\/x.com\\\/AESTarragona\"]}]}<\/script>\n<!-- \/ Yoast SEO plugin. -->","yoast_head_json":{"title":"Pol\u00edtica de cookies - AEST","robots":{"index":"index","follow":"follow","max-snippet":"max-snippet:-1","max-image-preview":"max-image-preview:large","max-video-preview":"max-video-preview:-1"},"canonical":"https:\/\/www.aestarragona.org\/ca\/politica-de-cookies\/","og_locale":"ca_ES","og_type":"article","og_title":"Pol\u00edtica de cookies - AEST","og_description":"Pol\u00edtica de cookies Les informamos que para un correcto funcionamiento de la web&nbsp;http:\/\/www.aestarragona.org\/, el sistema de navegaci\u00f3n utiliza algunos datos de navegaci\u00f3n (\u201cCookies\u201d) para poder ofrecer un servicio m\u00e1s personalizado a los usuarios de la web. Las \u201cCookies\u201d son peque\u00f1os archivos de texto que el navegador guarda cuando se navega por p\u00e1ginas web y aplicaciones. Se puede obtener la informaci\u00f3n de la direcci\u00f3n IP que [&hellip;]","og_url":"https:\/\/www.aestarragona.org\/ca\/politica-de-cookies\/","og_site_name":"AEST","article_publisher":"https:\/\/m.facebook.com\/aestarragona","article_modified_time":"2023-10-09T09:43:44+00:00","twitter_card":"summary_large_image","twitter_site":"@AESTarragona","twitter_misc":{"Est. reading time":"3 minuts"},"schema":{"@context":"https:\/\/schema.org","@graph":[{"@type":"WebPage","@id":"https:\/\/www.aestarragona.org\/ca\/politica-de-cookies\/","url":"https:\/\/www.aestarragona.org\/ca\/politica-de-cookies\/","name":"Pol\u00edtica de cookies - AEST","isPartOf":{"@id":"https:\/\/www.aestarragona.org\/ca\/#website"},"datePublished":"2023-05-16T15:36:59+00:00","dateModified":"2023-10-09T09:43:44+00:00","breadcrumb":{"@id":"https:\/\/www.aestarragona.org\/ca\/politica-de-cookies\/#breadcrumb"},"inLanguage":"ca","potentialAction":[{"@type":"ReadAction","target":["https:\/\/www.aestarragona.org\/ca\/politica-de-cookies\/"]}]},{"@type":"BreadcrumbList","@id":"https:\/\/www.aestarragona.org\/ca\/politica-de-cookies\/#breadcrumb","itemListElement":[{"@type":"ListItem","position":1,"name":"Portada","item":"https:\/\/www.aestarragona.org\/ca\/"},{"@type":"ListItem","position":2,"name":"Pol\u00edtica de cookies"}]},{"@type":"WebSite","@id":"https:\/\/www.aestarragona.org\/ca\/#website","url":"https:\/\/www.aestarragona.org\/ca\/","name":"AEST - La Asociaci\u00f3n de Empresas de Servicios de de Tarragona","description":"La Asociaci\u00f3n de Empresas de Servicios de Tarragona","publisher":{"@id":"https:\/\/www.aestarragona.org\/ca\/#organization"},"potentialAction":[{"@type":"SearchAction","target":{"@type":"EntryPoint","urlTemplate":"https:\/\/www.aestarragona.org\/ca\/?s={search_term_string}"},"query-input":{"@type":"PropertyValueSpecification","valueRequired":true,"valueName":"search_term_string"}}],"inLanguage":"ca"},{"@type":"Organization","@id":"https:\/\/www.aestarragona.org\/ca\/#organization","name":"AEST - Asociaci\u00f3n de Empresas de Servicios de de Tarragona","url":"https:\/\/www.aestarragona.org\/ca\/","logo":{"@type":"ImageObject","inLanguage":"ca","@id":"https:\/\/www.aestarragona.org\/ca\/#\/schema\/logo\/image\/","url":"https:\/\/www.aestarragona.org\/wp-content\/uploads\/2023\/05\/aest-logo-1.png","contentUrl":"https:\/\/www.aestarragona.org\/wp-content\/uploads\/2023\/05\/aest-logo-1.png","width":182,"height":182,"caption":"AEST - Asociaci\u00f3n de Empresas de Servicios de de Tarragona"},"image":{"@id":"https:\/\/www.aestarragona.org\/ca\/#\/schema\/logo\/image\/"},"sameAs":["https:\/\/m.facebook.com\/aestarragona","https:\/\/x.com\/AESTarragona"]}]}},"_links":{"self":[{"href":"https:\/\/www.aestarragona.org\/ca\/wp-json\/wp\/v2\/pages\/13039","targetHints":{"allow":["GET"]}}],"collection":[{"href":"https:\/\/www.aestarragona.org\/ca\/wp-json\/wp\/v2\/pages"}],"about":[{"href":"https:\/\/www.aestarragona.org\/ca\/wp-json\/wp\/v2\/types\/page"}],"author":[{"embeddable":true,"href":"https:\/\/www.aestarragona.org\/ca\/wp-json\/wp\/v2\/users\/1"}],"replies":[{"embeddable":true,"href":"https:\/\/www.aestarragona.org\/ca\/wp-json\/wp\/v2\/comments?post=13039"}],"version-history":[{"count":1,"href":"https:\/\/www.aestarragona.org\/ca\/wp-json\/wp\/v2\/pages\/13039\/revisions"}],"predecessor-version":[{"id":13040,"href":"https:\/\/www.aestarragona.org\/ca\/wp-json\/wp\/v2\/pages\/13039\/revisions\/13040"}],"wp:attachment":[{"href":"https:\/\/www.aestarragona.org\/ca\/wp-json\/wp\/v2\/media?parent=13039"}],"curies":[{"name":"wp","href":"https:\/\/api.w.org\/{rel}","templated":true}]}}